{"id":156,"date":"2019-08-29T10:32:53","date_gmt":"2019-08-29T08:32:53","guid":{"rendered":"http:\/\/entreprise-en-transition.fr\/?page_id=156"},"modified":"2019-09-24T12:19:20","modified_gmt":"2019-09-24T10:19:20","slug":"les-effets-du-changement-climatique-des-impacts-visibles-suite","status":"publish","type":"page","link":"https:\/\/entreprise-en-transition.fr\/index.php\/les-effets-du-changement-climatique-des-impacts-visibles-suite\/","title":{"rendered":"Les effets du changement climatique\u00a0: des impacts visibles -Suite"},"content":{"rendered":"\t\t<div data-elementor-type=\"wp-post\" data-elementor-id=\"156\" class=\"elementor elementor-156\" data-elementor-post-type=\"page\">\n\t\t\t\t\t\t<section class=\"elementor-section elementor-top-section elementor-element elementor-element-23ca71d1 elementor-section-height-min-height elementor-section-stretched elementor-section-boxed elementor-section-height-default elementor-section-items-middle\" data-id=\"23ca71d1\" data-element_type=\"section\" data-e-type=\"section\" data-settings=\"{&quot;background_background&quot;:&quot;classic&quot;,&quot;stretch_section&quot;:&quot;section-stretched&quot;}\">\n\t\t\t\t\t\t\t<div class=\"elementor-background-overlay\"><\/div>\n\t\t\t\t\t\t\t<div class=\"elementor-container elementor-column-gap-no\">\n\t\t\t\t\t<div class=\"elementor-column elementor-col-100 elementor-top-column elementor-element elementor-element-6ded5be5\" data-id=\"6ded5be5\" data-element_type=\"column\" data-e-type=\"column\">\n\t\t\t<div class=\"elementor-widget-wrap elementor-element-populated\">\n\t\t\t\t\t\t<div class=\"elementor-element elementor-element-fb8e10 elementor-widget elementor-widget-heading\" data-id=\"fb8e10\" data-element_type=\"widget\" data-e-type=\"widget\" data-widget_type=\"heading.default\">\n\t\t\t\t<div class=\"elementor-widget-container\">\n\t\t\t\t\t<h2 class=\"elementor-heading-title elementor-size-default\">Les effets du changement climatique\u00a0: des impacts visibles<\/h2>\t\t\t\t<\/div>\n\t\t\t\t<\/div>\n\t\t\t\t\t<\/div>\n\t\t<\/div>\n\t\t\t\t\t<\/div>\n\t\t<\/section>\n\t\t\t\t<section class=\"elementor-section elementor-top-section elementor-element elementor-element-7334b45b elementor-section-boxed elementor-section-height-default elementor-section-height-default\" data-id=\"7334b45b\" data-element_type=\"section\" data-e-type=\"section\" data-settings=\"{&quot;background_background&quot;:&quot;classic&quot;}\">\n\t\t\t\t\t\t<div class=\"elementor-container elementor-column-gap-default\">\n\t\t\t\t\t<div class=\"elementor-column elementor-col-100 elementor-top-column elementor-element elementor-element-1b6421d4\" data-id=\"1b6421d4\" data-element_type=\"column\" data-e-type=\"column\" data-settings=\"{&quot;background_background&quot;:&quot;classic&quot;}\">\n\t\t\t<div class=\"elementor-widget-wrap elementor-element-populated\">\n\t\t\t\t\t\t<div class=\"elementor-element elementor-element-57d780dc elementor-invisible elementor-widget elementor-widget-heading\" data-id=\"57d780dc\" data-element_type=\"widget\" data-e-type=\"widget\" data-settings=\"{&quot;_animation&quot;:&quot;fadeInLeft&quot;,&quot;_animation_delay&quot;:&quot;500&quot;}\" data-widget_type=\"heading.default\">\n\t\t\t\t<div class=\"elementor-widget-container\">\n\t\t\t\t\t<h2 class=\"elementor-heading-title elementor-size-default\">Les effets du changement climatique : des impacts visibles<\/h2>\t\t\t\t<\/div>\n\t\t\t\t<\/div>\n\t\t\t\t<div class=\"elementor-element elementor-element-1ea8d856 elementor-invisible elementor-widget elementor-widget-text-editor\" data-id=\"1ea8d856\" data-element_type=\"widget\" data-e-type=\"widget\" data-settings=\"{&quot;_animation&quot;:&quot;fadeInLeft&quot;,&quot;_animation_delay&quot;:&quot;400&quot;}\" data-widget_type=\"text-editor.default\">\n\t\t\t\t<div class=\"elementor-widget-container\">\n\t\t\t\t\t\t\t\t\t<p class=\"western\" align=\"justify\">Depuis 1988, le Groupe intergouvernemental sur l\u2019\u00e9volution du climat (GIEC) \u00e9value l\u2019\u00e9tat des connaissances sur l\u2019\u00e9volution du climat mondial, ses impacts et les moyens de les att\u00e9nuer et de s\u2019y adapter.<\/p><p class=\"western\" align=\"justify\">Le GIEC a publi\u00e9 son 5e rapport (AR5) en 2014. Il montre que le changement climatique est d\u00e9j\u00e0 engag\u00e9\u00a0:<\/p><ul><li><p class=\"western\" align=\"justify\">En 2015, la temp\u00e9rature moyenne plan\u00e9taire a progress\u00e9 de 0,74\u00a0\u00b0C par rapport \u00e0 la moyenne du XXe si\u00e8cle. En \u00e9t\u00e9, elle pourrait augmenter de 1,3 \u00e0 5,3\u00a0\u00b0C \u00e0 la fin du XXIe si\u00e8cle.<\/p><\/li><li><p class=\"western\" align=\"justify\">Le taux d\u2019\u00e9l\u00e9vation du niveau marin s\u2019est acc\u00e9l\u00e9r\u00e9 durant les derni\u00e8res d\u00e9cennies pour atteindre pr\u00e8s de 3,2\u00a0mm par an sur la p\u00e9riode 1993-2010.<\/p><\/li><li><p class=\"western\" align=\"justify\">En France, le nombre de journ\u00e9es estivales (avec une temp\u00e9rature d\u00e9passant 25\u00a0\u00b0C) a augment\u00e9 de mani\u00e8re significative sur la p\u00e9riode 1950-2010.<\/p><\/li><li><p class=\"western\" align=\"justify\">De 1975 \u00e0 2004, l\u2019acidit\u00e9 des eaux superficielles des oc\u00e9ans a fortement augment\u00e9, leur pH (potentiel hydrog\u00e8ne) a diminu\u00e9 de 8,25 \u00e0 8,14.<\/p><\/li><li><p class=\"western\" align=\"justify\">La perturbation des grands \u00e9quilibres \u00e9cologiques s\u2019observe d\u00e9j\u00e0\u00a0: un milieu physique qui se modifie et des \u00eatres vivants qui s\u2019efforcent de s\u2019adapter ou disparaissent sous les effets conjugu\u00e9s du changement climatique et de la pression de l\u2019homme sur leur environnement.<\/p><\/li><\/ul><p class=\"western\" align=\"justify\"><span style=\"text-align: left;\">Le GIEC \u00e9value \u00e9galement comment le changement climatique se traduira \u00e0 moyen et long terme. Il pr\u00e9voit\u00a0:<\/span><\/p><ul><li><p class=\"western\" align=\"justify\">Des ph\u00e9nom\u00e8nes climatiques aggrav\u00e9s\u00a0: l\u2019\u00e9volution du climat modifie la fr\u00e9quence, l\u2019intensit\u00e9, la r\u00e9partition g\u00e9ographique et la dur\u00e9e des \u00e9v\u00e9nements m\u00e9t\u00e9orologiques extr\u00eames (temp\u00eates, inondations, s\u00e9cheresses).<\/p><\/li><li><p class=\"western\" align=\"justify\">Un bouleversement de nombreux \u00e9cosyst\u00e8mes\u00a0: avec l\u2019extinction de 20 \u00e0 30\u00a0% des esp\u00e8ces animales et v\u00e9g\u00e9tales, et des cons\u00e9quences importantes pour les implantations humaines.<\/p><\/li><li><p class=\"western\" align=\"justify\">Des crises li\u00e9es aux ressources alimentaires\u00a0: dans de nombreuses parties du globe (Asie, Afrique, zones tropicales et subtropicales), les productions agricoles pourraient chuter, provoquant de graves crises alimentaires, sources de conflits et de migrations.<\/p><\/li><li><p class=\"western\" align=\"justify\">Des dangers sanitaires\u00a0: le changement climatique aura vraisemblablement des impacts directs sur le fonctionnement des \u00e9cosyst\u00e8mes et sur la transmission des maladies animales, susceptibles de pr\u00e9senter des \u00e9l\u00e9ments pathog\u00e8nes potentiellement dangereux pour l\u2019Homme.<\/p><\/li><li><p class=\"western\" align=\"justify\">L\u2019acidification des eaux\u00a0: l\u2019augmentation de la concentration en CO<sub>2<\/sub>\u00a0(dioxyde de carbone) dans l\u2019atmosph\u00e8re entra\u00eene une plus forte concentration du CO<sub>2<\/sub>\u00a0dans l\u2019oc\u00e9an. En cons\u00e9quence, l\u2019eau de mer s\u2019acidifie car au contact de l\u2019eau, le CO<sub>2<\/sub>\u00a0se transforme en acide carbonique. De 1751 \u00e0 2004, le pH (potentiel hydrog\u00e8ne) des eaux superficielles des oc\u00e9ans a diminu\u00e9 de 8,25 \u00e0 8,14. Cette acidification repr\u00e9sente un risque majeur pour les r\u00e9cifs coralliens et certains types de plancton mena\u00e7ant l\u2019\u00e9quilibre de nombreux \u00e9cosyst\u00e8mes.<\/p><\/li><li><p class=\"western\" align=\"justify\">Des d\u00e9placements de population\u00a0: l\u2019augmentation du niveau de la mer (26 \u00e0 98\u00a0cm d\u2019ici 2100, selon les sc\u00e9narios) devrait provoquer l\u2019inondation de certaines zones c\u00f4ti\u00e8res (notamment les deltas en Afrique et en Asie), voire la disparition de pays insulaires entiers (Maldives, Tuvalu), provoquant d\u2019importantes migrations.<\/p><\/li><\/ul><p class=\"western\" align=\"justify\">Les impacts du changement climatique peuvent \u00eatre tr\u00e8s diff\u00e9rents d\u2019une r\u00e9gion \u00e0 une autre, mais ils concerneront toute la plan\u00e8te.<\/p><p>(Source Minist\u00e8re de la Transition \u00e9cologique et solidaire)<\/p>\t\t\t\t\t\t\t\t<\/div>\n\t\t\t\t<\/div>\n\t\t\t\t\t<\/div>\n\t\t<\/div>\n\t\t\t\t\t<\/div>\n\t\t<\/section>\n\t\t\t\t<\/div>\n\t\t","protected":false},"excerpt":{"rendered":"<p>Les effets du changement climatique\u00a0: des impacts visibles Les effets du changement climatique : des impacts visibles Depuis 1988, le Groupe intergouvernemental sur l\u2019\u00e9volution du climat (GIEC) \u00e9value l\u2019\u00e9tat des connaissances sur l\u2019\u00e9volution du climat mondial, ses impacts et les moyens de les att\u00e9nuer et de s\u2019y adapter. Le GIEC a publi\u00e9 son 5e rapport &hellip; <a href=\"https:\/\/entreprise-en-transition.fr\/index.php\/les-effets-du-changement-climatique-des-impacts-visibles-suite\/\" class=\"more-link\">Continuer la lecture<span class=\"screen-reader-text\"> de &laquo;&nbsp;Les effets du changement climatique\u00a0: des impacts visibles -Suite&nbsp;&raquo;<\/span><\/a><\/p>\n","protected":false},"author":2,"featured_media":0,"parent":0,"menu_order":0,"comment_status":"closed","ping_status":"closed","template":"elementor_header_footer","meta":{"footnotes":""},"class_list":["post-156","page","type-page","status-publish","hentry"],"_links":{"self":[{"href":"https:\/\/entreprise-en-transition.fr\/index.php\/wp-json\/wp\/v2\/pages\/156","targetHints":{"allow":["GET"]}}],"collection":[{"href":"https:\/\/entreprise-en-transition.fr\/index.php\/wp-json\/wp\/v2\/pages"}],"about":[{"href":"https:\/\/entreprise-en-transition.fr\/index.php\/wp-json\/wp\/v2\/types\/page"}],"author":[{"embeddable":true,"href":"https:\/\/entreprise-en-transition.fr\/index.php\/wp-json\/wp\/v2\/users\/2"}],"replies":[{"embeddable":true,"href":"https:\/\/entreprise-en-transition.fr\/index.php\/wp-json\/wp\/v2\/comments?post=156"}],"version-history":[{"count":4,"href":"https:\/\/entreprise-en-transition.fr\/index.php\/wp-json\/wp\/v2\/pages\/156\/revisions"}],"predecessor-version":[{"id":3555,"href":"https:\/\/entreprise-en-transition.fr\/index.php\/wp-json\/wp\/v2\/pages\/156\/revisions\/3555"}],"wp:attachment":[{"href":"https:\/\/entreprise-en-transition.fr\/index.php\/wp-json\/wp\/v2\/media?parent=156"}],"curies":[{"name":"wp","href":"https:\/\/api.w.org\/{rel}","templated":true}]}}