{"id":182,"date":"2019-08-30T08:57:40","date_gmt":"2019-08-30T06:57:40","guid":{"rendered":"http:\/\/entreprise-en-transition.fr\/?page_id=182"},"modified":"2019-08-30T17:53:31","modified_gmt":"2019-08-30T15:53:31","slug":"le-mouvement-de-transition","status":"publish","type":"page","link":"https:\/\/entreprise-en-transition.fr\/index.php\/le-mouvement-de-transition\/","title":{"rendered":"Le mouvement de Transition"},"content":{"rendered":"\t\t<div data-elementor-type=\"wp-post\" data-elementor-id=\"182\" class=\"elementor elementor-182\" data-elementor-post-type=\"page\">\n\t\t\t\t\t\t<section class=\"elementor-section elementor-top-section elementor-element elementor-element-9a1559 elementor-section-height-min-height elementor-section-stretched elementor-section-boxed elementor-section-height-default elementor-section-items-middle\" data-id=\"9a1559\" data-element_type=\"section\" data-e-type=\"section\" data-settings=\"{&quot;background_background&quot;:&quot;classic&quot;,&quot;stretch_section&quot;:&quot;section-stretched&quot;}\">\n\t\t\t\t\t\t\t<div class=\"elementor-background-overlay\"><\/div>\n\t\t\t\t\t\t\t<div class=\"elementor-container elementor-column-gap-no\">\n\t\t\t\t\t<div class=\"elementor-column elementor-col-100 elementor-top-column elementor-element elementor-element-4ee70606\" data-id=\"4ee70606\" data-element_type=\"column\" data-e-type=\"column\">\n\t\t\t<div class=\"elementor-widget-wrap elementor-element-populated\">\n\t\t\t\t\t\t<div class=\"elementor-element elementor-element-d68a7a2 elementor-widget elementor-widget-heading\" data-id=\"d68a7a2\" data-element_type=\"widget\" data-e-type=\"widget\" data-widget_type=\"heading.default\">\n\t\t\t\t<div class=\"elementor-widget-container\">\n\t\t\t\t\t<h2 class=\"elementor-heading-title elementor-size-default\">Le mouvement de Transition<\/h2>\t\t\t\t<\/div>\n\t\t\t\t<\/div>\n\t\t\t\t\t<\/div>\n\t\t<\/div>\n\t\t\t\t\t<\/div>\n\t\t<\/section>\n\t\t\t\t<section class=\"elementor-section elementor-top-section elementor-element elementor-element-354b3f8a elementor-section-boxed elementor-section-height-default elementor-section-height-default\" data-id=\"354b3f8a\" data-element_type=\"section\" data-e-type=\"section\" data-settings=\"{&quot;background_background&quot;:&quot;classic&quot;}\">\n\t\t\t\t\t\t<div class=\"elementor-container elementor-column-gap-default\">\n\t\t\t\t\t<div class=\"elementor-column elementor-col-100 elementor-top-column elementor-element elementor-element-5932235c\" data-id=\"5932235c\" data-element_type=\"column\" data-e-type=\"column\" data-settings=\"{&quot;background_background&quot;:&quot;classic&quot;}\">\n\t\t\t<div class=\"elementor-widget-wrap elementor-element-populated\">\n\t\t\t\t\t\t<div class=\"elementor-element elementor-element-6dfda064 elementor-invisible elementor-widget elementor-widget-heading\" data-id=\"6dfda064\" data-element_type=\"widget\" data-e-type=\"widget\" data-settings=\"{&quot;_animation&quot;:&quot;fadeInLeft&quot;,&quot;_animation_delay&quot;:&quot;500&quot;}\" data-widget_type=\"heading.default\">\n\t\t\t\t<div class=\"elementor-widget-container\">\n\t\t\t\t\t<h2 class=\"elementor-heading-title elementor-size-default\">Le mouvement de Transition<\/h2>\t\t\t\t<\/div>\n\t\t\t\t<\/div>\n\t\t\t\t<div class=\"elementor-element elementor-element-53f79884 elementor-invisible elementor-widget elementor-widget-text-editor\" data-id=\"53f79884\" data-element_type=\"widget\" data-e-type=\"widget\" data-settings=\"{&quot;_animation&quot;:&quot;fadeInLeft&quot;,&quot;_animation_delay&quot;:&quot;400&quot;}\" data-widget_type=\"text-editor.default\">\n\t\t\t\t<div class=\"elementor-widget-container\">\n\t\t\t\t\t\t\t\t\tLe mouvement de Transition est n\u00e9 en Grande-Bretagne en 2006 dans la petite ville de Totnes. L\u2019enseignant en permaculture <strong>Rob Hopkins<\/strong> avait cr\u00e9\u00e9 le mod\u00e8le de Transition avec ses \u00e9tudiants dans la ville de Kinsale en Irlande un an auparavant. Il y a aujourd\u2019hui plus de 2 000 initiatives de Transition dans le monde, en 50 pays, dont 150 en France, r\u00e9unies dans le r\u00e9seau International de la Transition.<\/p>\nIl s\u2019agit d\u2019inciter les citoyens d\u2019un territoire (bourg, quartier d\u2019une ville, village\u2026), \u00e0 prendre conscience, d\u2019une part, des profondes cons\u00e9quences que vont avoir sur nos vies la convergence du pic du p\u00e9trole et du changement du climat et, d\u2019autre part, de la n\u00e9cessit\u00e9 de s\u2019y pr\u00e9parer concr\u00e8tement. Il s\u2019agit de mettre en place des solutions fond\u00e9es sur une vision positive de l\u2019avenir et qui visent \u00e0 :<\/p>\n\n<ul>\n \t<li>\nr\u00e9duire fortement, individuellement et collectivement, la consommation d\u2019\u00e9nergie d\u2019origine fossile et nos \u00e9missions de CO2\n<\/li>\n \t<li>\nrenforcer la r\u00e9silience de nos territoires, leur capacit\u00e9 \u00e0 absorber les chocs \u00e0 venir, par une relocalisation de l\u2019\u00e9conomie (alimentation, ENR\u2026)\n<\/li>\n \t<li>\nrenforcer les liens, les solidarit\u00e9s et la coop\u00e9ration entre l\u2019ensemble des acteurs du territoire\n<\/li>\n \t<li>\nacqu\u00e9rir les comp\u00e9tences qui deviendront n\u00e9cessaires au renforcement de notre autonomie\n<\/li>\n<\/ul>\nD\u00e8s lors, chaque groupe local de Transition trouvera par lui-m\u00eame les solutions qui lui conviennent en fonction de ses ressources et de ses enjeux. Il n\u2019y a pas de r\u00e9ponse toute faite. Le mod\u00e8le de Transition offre un cadre de travail coh\u00e9rent mais non coercitif. Le fonctionnement des groupes est horizontal et participatif.<\/p>\nUne initiative de Transition est une sorte catalyseur de \u201ctoit\u201d commun qui a comme objectifs de :<\/p>\n\n<ul>\n \t<li>\nmettre en place des actions concr\u00e8tes (achats locales et collectives, jardins partag\u00e9s , monnaie locale, Incroyables comestibles, repair caf\u00e9s, recyclerie, f\u00eate, conf\u00e9rences\u2026) souvent \u00e0 partir de projets dormants\n<\/li>\n \t<li>\nsoutenir et valoriser les r\u00e9alisations port\u00e9es par d\u2019autres (associations, Agenda 21, entreprises\u2026)\n<\/li>\n \t<li>\nencourager et favoriser la convergence entre les initiatives citoyennes et entre ces initiatives et les actions des pouvoirs publics sur les territoires\n<\/li>\n<\/ul>\nPourquoi agir localement?<\/span><\/p>\n\n<ul>\n \t<li>\nparce que l\u2019\u00e9conomie devra in\u00e9vitablement se re-localiser en grande partie\n<\/li>\n \t<li>\nparce que c\u2019est le niveau auquel les citoyens peuvent inventer des solutions bien adapt\u00e9es \u00e0 leur r\u00e9alit\u00e9 et passer \u00e0 l\u2019action\n<\/li>\n \t<li>\nparce que c\u2019est pr\u00e8s de nous se trouvent les gens, les ressources et les solidarit\u00e9s pour agir\n<\/li>\n \t<li>\nparce qu\u2019il n\u2019y aura pas de lois magiques qui tomberont du ciel, ni de sauveurs bienveillants qui r\u00e9soudront nos probl\u00e8mes \u00e0 notre place\n<\/li>\n<\/ul>\nLa d\u00e9marche des initiatives de Transition est r\u00e9sum\u00e9e dans le Manuel de Transition. Cette d\u00e9marche consiste \u00e0 aider les habitants d\u2019un territoire \u00e0 d\u00e9finir ensemble leur avenir et les solutions qu\u2019ils souhaitent mettre en place. La premi\u00e8re \u00e9tape consiste \u00e0 \u00e9tablir une vision commune qui d\u00e9dramatise la mutation \u00e0 venir et fournit la motivation n\u00e9cessaire pour s\u2019engager dans un profond processus personnel et collectif de changement. Nous devons atteindre rapidement la masse critique qui va nous permettre de sortir par le haut de cette \u201ccrise\u201d.<\/p>\nNous ne savons pas si \u00e7a va marcher, mais nous sommes convaincus que :<\/p>\n\u201cPartout dans le monde, des histoires de gens ordinaires qui font des choses extraordinaires ont \u00e9t\u00e9 collect\u00e9es. Des petits territoires et des communaut\u00e9s locales impriment leur propre monnaie, produisent de plus en plus leur nourriture et leur \u00e9nergie, relocalisent leur \u00e9conomie\u2026 Une id\u00e9e, celle des Transition towns, qui se propage \u00e0 grande vitesse, une exp\u00e9rimentation sociale optimiste qui propose des r\u00e9ponses et des solutions en ces temps d\u2019incertitude. Dans un monde inond\u00e9 de tristesse, voici des histoires pleines d\u2019espoir et d\u2019ing\u00e9niosit\u00e9, et de tous ces petits moments qui arrivent quand on plante des l\u00e9gumes \u00e0 des endroits inattendus\u201d<\/p>\n<i>Source<\/i><i> TransitionFrance.fr<\/i><\/span><\/span><\/span><\/p>\t\t\t\t\t\t\t\t<\/div>\n\t\t\t\t<\/div>\n\t\t\t\t\t<\/div>\n\t\t<\/div>\n\t\t\t\t\t<\/div>\n\t\t<\/section>\n\t\t\t\t<\/div>\n\t\t","protected":false},"excerpt":{"rendered":"<p>Le mouvement de Transition Le mouvement de Transition Le mouvement de Transition est n\u00e9 en Grande-Bretagne en 2006 dans la petite ville de Totnes. L\u2019enseignant en permaculture Rob Hopkins avait cr\u00e9\u00e9 le mod\u00e8le de Transition avec ses \u00e9tudiants dans la ville de Kinsale en Irlande un an auparavant. Il y a aujourd\u2019hui plus de 2 &hellip; <a href=\"https:\/\/entreprise-en-transition.fr\/index.php\/le-mouvement-de-transition\/\" class=\"more-link\">Continuer la lecture<span class=\"screen-reader-text\"> de &laquo;&nbsp;Le mouvement de Transition&nbsp;&raquo;<\/span><\/a><\/p>\n","protected":false},"author":2,"featured_media":0,"parent":0,"menu_order":0,"comment_status":"closed","ping_status":"closed","template":"elementor_header_footer","meta":{"footnotes":""},"class_list":["post-182","page","type-page","status-publish","hentry"],"_links":{"self":[{"href":"https:\/\/entreprise-en-transition.fr\/index.php\/wp-json\/wp\/v2\/pages\/182","targetHints":{"allow":["GET"]}}],"collection":[{"href":"https:\/\/entreprise-en-transition.fr\/index.php\/wp-json\/wp\/v2\/pages"}],"about":[{"href":"https:\/\/entreprise-en-transition.fr\/index.php\/wp-json\/wp\/v2\/types\/page"}],"author":[{"embeddable":true,"href":"https:\/\/entreprise-en-transition.fr\/index.php\/wp-json\/wp\/v2\/users\/2"}],"replies":[{"embeddable":true,"href":"https:\/\/entreprise-en-transition.fr\/index.php\/wp-json\/wp\/v2\/comments?post=182"}],"version-history":[{"count":4,"href":"https:\/\/entreprise-en-transition.fr\/index.php\/wp-json\/wp\/v2\/pages\/182\/revisions"}],"predecessor-version":[{"id":198,"href":"https:\/\/entreprise-en-transition.fr\/index.php\/wp-json\/wp\/v2\/pages\/182\/revisions\/198"}],"wp:attachment":[{"href":"https:\/\/entreprise-en-transition.fr\/index.php\/wp-json\/wp\/v2\/media?parent=182"}],"curies":[{"name":"wp","href":"https:\/\/api.w.org\/{rel}","templated":true}]}}