{"id":2244,"date":"2022-12-04T10:06:21","date_gmt":"2022-12-04T09:06:21","guid":{"rendered":"https:\/\/entreprise-en-transition.fr\/?page_id=2244"},"modified":"2023-05-12T18:46:53","modified_gmt":"2023-05-12T16:46:53","slug":"eco-defi-eau","status":"publish","type":"page","link":"https:\/\/entreprise-en-transition.fr\/index.php\/eco-defi-eau\/","title":{"rendered":"Eco d\u00e9fi eau"},"content":{"rendered":"\t\t<div data-elementor-type=\"wp-post\" data-elementor-id=\"2244\" class=\"elementor elementor-2244\" data-elementor-post-type=\"page\">\n\t\t\t\t\t\t<section class=\"elementor-section elementor-top-section elementor-element elementor-element-9a1559 elementor-section-height-min-height elementor-section-stretched elementor-section-boxed elementor-section-height-default elementor-section-items-middle\" data-id=\"9a1559\" data-element_type=\"section\" data-e-type=\"section\" data-settings=\"{&quot;background_background&quot;:&quot;classic&quot;,&quot;stretch_section&quot;:&quot;section-stretched&quot;}\">\n\t\t\t\t\t\t\t<div class=\"elementor-background-overlay\"><\/div>\n\t\t\t\t\t\t\t<div class=\"elementor-container elementor-column-gap-no\">\n\t\t\t\t\t<div class=\"elementor-column elementor-col-100 elementor-top-column elementor-element elementor-element-4ee70606\" data-id=\"4ee70606\" data-element_type=\"column\" data-e-type=\"column\">\n\t\t\t<div class=\"elementor-widget-wrap elementor-element-populated\">\n\t\t\t\t\t\t\t<\/div>\n\t\t<\/div>\n\t\t\t\t\t<\/div>\n\t\t<\/section>\n\t\t\t\t<section class=\"elementor-section elementor-top-section elementor-element elementor-element-354b3f8a elementor-section-boxed elementor-section-height-default elementor-section-height-default\" data-id=\"354b3f8a\" data-element_type=\"section\" data-e-type=\"section\" data-settings=\"{&quot;background_background&quot;:&quot;classic&quot;}\">\n\t\t\t\t\t\t<div class=\"elementor-container elementor-column-gap-default\">\n\t\t\t\t\t<div class=\"elementor-column elementor-col-100 elementor-top-column elementor-element elementor-element-5932235c\" data-id=\"5932235c\" data-element_type=\"column\" data-e-type=\"column\" data-settings=\"{&quot;background_background&quot;:&quot;classic&quot;}\">\n\t\t\t<div class=\"elementor-widget-wrap elementor-element-populated\">\n\t\t\t\t\t\t<div class=\"elementor-element elementor-element-341878c elementor-widget elementor-widget-heading\" data-id=\"341878c\" data-element_type=\"widget\" data-e-type=\"widget\" data-settings=\"{&quot;_animation&quot;:&quot;none&quot;,&quot;_animation_delay&quot;:&quot;500&quot;}\" data-widget_type=\"heading.default\">\n\t\t\t\t<div class=\"elementor-widget-container\">\n\t\t\t\t\t<h2 class=\"elementor-heading-title elementor-size-default\">Et si nous prenions soin de l\u2019eau, pour acc\u00e9l\u00e9rer la transition\u00a0?<\/h2>\t\t\t\t<\/div>\n\t\t\t\t<\/div>\n\t\t\t\t<div class=\"elementor-element elementor-element-53f79884 elementor-widget elementor-widget-text-editor\" data-id=\"53f79884\" data-element_type=\"widget\" data-e-type=\"widget\" data-settings=\"{&quot;_animation&quot;:&quot;none&quot;,&quot;_animation_delay&quot;:&quot;400&quot;}\" data-widget_type=\"text-editor.default\">\n\t\t\t\t<div class=\"elementor-widget-container\">\n\t\t\t\t\t\t\t\t\t<p>Les experts du GIEC (Groupe d\u2019Experts Intergouvernemental sur l\u2019\u00c9volution du Climat) nous alertent depuis plus de 10 ans sur les tensions \u00e0 venir concernant l\u2019acc\u00e8s \u00e0 l\u2019eau et les d\u00e9gradations potentielles de la qualit\u00e9 de l\u2019eau. Cependant, si les ressources en eau repr\u00e9sentent un probl\u00e8me quotidien pour une grande partie de la population mondiale, dans nos soci\u00e9t\u00e9s occidentales l\u2019eau qui coule du robinet peut encore nous sembler in\u00e9puisable.<span class=\"Apple-converted-space\">\u00a0<\/span><\/p><p>Or, les \u00e9pisodes de s\u00e9cheresses et d\u2019inondations qui s\u2019accentuent et que nous observons d\u00e9j\u00e0 nous montrent \u00e0 quel point l\u2019eau, en tant que bien commun vital, est une ressource \u00e0 pr\u00e9server en conscience dans nos gestes de chaque jour. Selon l\u2019ADEME (Agence de l&rsquo;Environnement et de la Ma\u00eetrise de l&rsquo;\u00c9nergie), un employ\u00e9 de bureau consomme de 10 \u00e0 30 litres d\u2019eau par jour.<span class=\"Apple-converted-space\">\u00a0<\/span><\/p><p>Mais que ce soit \u00e0 l\u2019\u00e9chelle individuelle ou industrielle, la probl\u00e9matique de l\u2019eau concerne \u00e0 la fois les quantit\u00e9s pr\u00e9lev\u00e9es dans les milieux naturels, mais aussi les rejets d\u2019eau pollu\u00e9e et leurs impacts sur la biodiversit\u00e9.<\/p>\t\t\t\t\t\t\t\t<\/div>\n\t\t\t\t<\/div>\n\t\t\t\t<div class=\"elementor-element elementor-element-7511256 elementor-widget elementor-widget-heading\" data-id=\"7511256\" data-element_type=\"widget\" data-e-type=\"widget\" data-settings=\"{&quot;_animation&quot;:&quot;none&quot;,&quot;_animation_delay&quot;:&quot;500&quot;}\" data-widget_type=\"heading.default\">\n\t\t\t\t<div class=\"elementor-widget-container\">\n\t\t\t\t\t<h2 class=\"elementor-heading-title elementor-size-default\">Comment faire\u00a0?\n <\/h2>\t\t\t\t<\/div>\n\t\t\t\t<\/div>\n\t\t\t\t<div class=\"elementor-element elementor-element-8e92d9f elementor-widget elementor-widget-text-editor\" data-id=\"8e92d9f\" data-element_type=\"widget\" data-e-type=\"widget\" data-settings=\"{&quot;_animation&quot;:&quot;none&quot;,&quot;_animation_delay&quot;:&quot;400&quot;}\" data-widget_type=\"text-editor.default\">\n\t\t\t\t<div class=\"elementor-widget-container\">\n\t\t\t\t\t\t\t\t\t<ul><li>Identifiez les actions \u00e0 entreprendre et les lieux o\u00f9 les mettre en \u0153uvre<span class=\"Apple-converted-space\">\u00a0<\/span><\/li><li>D\u00e9taillez votre plan d\u2019action et vos m\u00e9thodes d\u2019\u00e9valuation<span class=\"Apple-converted-space\">\u00a0<\/span><\/li><li>Apposez vos autocollants sur les \u00e9quipements et lieux concern\u00e9s pour sensibiliser et rappeler les \u00e9co-gestes individuels et collectifs<\/li><\/ul>\t\t\t\t\t\t\t\t<\/div>\n\t\t\t\t<\/div>\n\t\t\t\t<div class=\"elementor-element elementor-element-c63384c elementor-widget elementor-widget-text-editor\" data-id=\"c63384c\" data-element_type=\"widget\" data-e-type=\"widget\" data-widget_type=\"text-editor.default\">\n\t\t\t\t<div class=\"elementor-widget-container\">\n\t\t\t\t\t\t\t\t\t<h3><span style=\"color: #000000;\"><strong>Le kit \u00e9co d\u00e9fi \u00a0c\u2019est : \u00a0<\/strong><\/span><span style=\"color: var( --e-global-color-text ); font-family: var( --e-global-typography-text-font-family ), Sans-serif; font-weight: var( --e-global-typography-text-font-weight ); font-size: 1rem;\">1 livret support + autocollants repositionnables\u00a0<\/span><\/h3><div><span style=\"color: var( --e-global-color-text ); font-family: var( --e-global-typography-text-font-family ), Sans-serif; font-weight: var( --e-global-typography-text-font-weight ); font-size: 1rem;\">\u00a0<\/span><\/div><ul><li>Synth\u00e8se des enjeux du d\u00e9fi\u00a0<\/li><li>Id\u00e9es d\u2019actions\u00a0<\/li><li>Quizz pour tester ses connaissances\u00a0<\/li><li>Pr\u00e9sentation de m\u00e9thodologies ou de projets exemplaires\u00a0<\/li><li>Auto-formation pour approfondir la th\u00e9matique\u00a0<\/li><li>1 fiche projet avec son canva pour l\u2019\u00e9valuation des actions\u00a0<\/li><\/ul>\t\t\t\t\t\t\t\t<\/div>\n\t\t\t\t<\/div>\n\t\t\t\t\t<\/div>\n\t\t<\/div>\n\t\t\t\t\t<\/div>\n\t\t<\/section>\n\t\t\t\t<section class=\"elementor-section elementor-top-section elementor-element elementor-element-5e74fec1 elementor-section-stretched elementor-section-boxed elementor-section-height-default elementor-section-height-default\" data-id=\"5e74fec1\" data-element_type=\"section\" data-e-type=\"section\" data-settings=\"{&quot;background_background&quot;:&quot;classic&quot;,&quot;stretch_section&quot;:&quot;section-stretched&quot;}\">\n\t\t\t\t\t\t<div class=\"elementor-container elementor-column-gap-default\">\n\t\t\t\t\t<div class=\"elementor-column elementor-col-100 elementor-top-column elementor-element elementor-element-2e7ce44a\" data-id=\"2e7ce44a\" data-element_type=\"column\" data-e-type=\"column\">\n\t\t\t<div class=\"elementor-widget-wrap elementor-element-populated\">\n\t\t\t\t\t\t<div class=\"elementor-element elementor-element-995365c elementor-widget elementor-widget-image\" data-id=\"995365c\" data-element_type=\"widget\" data-e-type=\"widget\" data-widget_type=\"image.default\">\n\t\t\t\t<div class=\"elementor-widget-container\">\n\t\t\t\t\t\t\t\t\t\t\t\t\t\t\t<img fetchpriority=\"high\" decoding=\"async\" width=\"297\" height=\"300\" src=\"https:\/\/entreprise-en-transition.fr\/wp-content\/uploads\/2022\/09\/logo-eau-sm-297x300.png\" class=\"attachment-medium size-medium wp-image-1909\" alt=\"\" srcset=\"https:\/\/entreprise-en-transition.fr\/wp-content\/uploads\/2022\/09\/logo-eau-sm-297x300.png 297w, https:\/\/entreprise-en-transition.fr\/wp-content\/uploads\/2022\/09\/logo-eau-sm-1013x1024.png 1013w, https:\/\/entreprise-en-transition.fr\/wp-content\/uploads\/2022\/09\/logo-eau-sm-768x776.png 768w, https:\/\/entreprise-en-transition.fr\/wp-content\/uploads\/2022\/09\/logo-eau-sm-1519x1536.png 1519w, https:\/\/entreprise-en-transition.fr\/wp-content\/uploads\/2022\/09\/logo-eau-sm-1200x1213.png 1200w, https:\/\/entreprise-en-transition.fr\/wp-content\/uploads\/2022\/09\/logo-eau-sm.png 1653w\" sizes=\"(max-width: 297px) 85vw, 297px\" \/>\t\t\t\t\t\t\t\t\t\t\t\t\t\t\t<\/div>\n\t\t\t\t<\/div>\n\t\t\t\t\t<\/div>\n\t\t<\/div>\n\t\t\t\t\t<\/div>\n\t\t<\/section>\n\t\t\t\t<section class=\"elementor-section elementor-top-section elementor-element elementor-element-c5b916e elementor-section-boxed elementor-section-height-default elementor-section-height-default\" data-id=\"c5b916e\" data-element_type=\"section\" data-e-type=\"section\" data-settings=\"{&quot;background_background&quot;:&quot;classic&quot;}\">\n\t\t\t\t\t\t<div class=\"elementor-container elementor-column-gap-default\">\n\t\t\t\t\t<div class=\"elementor-column elementor-col-100 elementor-top-column elementor-element elementor-element-bfbe378\" data-id=\"bfbe378\" data-element_type=\"column\" data-e-type=\"column\" data-settings=\"{&quot;background_background&quot;:&quot;classic&quot;}\">\n\t\t\t<div class=\"elementor-widget-wrap elementor-element-populated\">\n\t\t\t\t\t\t<div class=\"elementor-element elementor-element-120d34d elementor-widget elementor-widget-heading\" data-id=\"120d34d\" data-element_type=\"widget\" data-e-type=\"widget\" data-settings=\"{&quot;_animation&quot;:&quot;none&quot;,&quot;_animation_delay&quot;:&quot;500&quot;}\" data-widget_type=\"heading.default\">\n\t\t\t\t<div class=\"elementor-widget-container\">\n\t\t\t\t\t<h2 class=\"elementor-heading-title elementor-size-default\">Affichons notre volont\u00e9 d\u2019acc\u00e9l\u00e9rer la transition\u00a0:<\/h2>\t\t\t\t<\/div>\n\t\t\t\t<\/div>\n\t\t\t\t<div class=\"elementor-element elementor-element-d98f28e elementor-widget elementor-widget-text-editor\" data-id=\"d98f28e\" data-element_type=\"widget\" data-e-type=\"widget\" data-settings=\"{&quot;_animation&quot;:&quot;none&quot;,&quot;_animation_delay&quot;:&quot;400&quot;}\" data-widget_type=\"text-editor.default\">\n\t\t\t\t<div class=\"elementor-widget-container\">\n\t\t\t\t\t\t\t\t\t<p align=\"JUSTIFY\">Pour rappeler aux autres utilisateurs de votre \u00e9cosyst\u00e8me professionnel (ou personnel) l\u2019importance de s\u2019appliquer \u00e0 une consommation d\u2019\u00e9nergie \u00e9co-responsable, nous vous proposons d\u2019apposer, sur tous les supports et en tout endroit pertinent, des affichettes et\/ou des autocollants de sensibilisation\u00a0: par exemple \u00e0 c\u00f4t\u00e9 des interrupteurs, des prises de courant, de radiateurs, etc.<\/p>\n<p align=\"JUSTIFY\">Nous vous proposons des affichettes \u00e0 t\u00e9l\u00e9charger et des autocollants \u00e0 commander. <\/p>\n<p align=\"JUSTIFY\">Les b\u00e9n\u00e9fices g\u00e9n\u00e9r\u00e9s par leur vente iront int\u00e9gralement au soutien de la d\u00e9marche Entreprise en Transition (soutien aux projets ou \u00e0 la formation de nouveaux intervenants, achat de mat\u00e9riel p\u00e9dagogique, etc.).<\/p>\t\t\t\t\t\t\t\t<\/div>\n\t\t\t\t<\/div>\n\t\t\t\t\t<\/div>\n\t\t<\/div>\n\t\t\t\t\t<\/div>\n\t\t<\/section>\n\t\t\t\t<section class=\"elementor-section elementor-top-section elementor-element elementor-element-21bff35 elementor-section-boxed elementor-section-height-default elementor-section-height-default\" data-id=\"21bff35\" data-element_type=\"section\" data-e-type=\"section\">\n\t\t\t\t\t\t<div class=\"elementor-container elementor-column-gap-default\">\n\t\t\t\t\t<div class=\"elementor-column elementor-col-100 elementor-top-column elementor-element elementor-element-88934f7\" data-id=\"88934f7\" data-element_type=\"column\" data-e-type=\"column\">\n\t\t\t<div class=\"elementor-widget-wrap elementor-element-populated\">\n\t\t\t\t\t\t<div class=\"elementor-element elementor-element-b71065e elementor-widget elementor-widget-text-editor\" data-id=\"b71065e\" data-element_type=\"widget\" data-e-type=\"widget\" data-widget_type=\"text-editor.default\">\n\t\t\t\t<div class=\"elementor-widget-container\">\n\t\t\t\t\t\t\t\t\t<h3 style=\"text-align: center;\"><span style=\"color: #000000;\">Achetez votre kit \u00e9co d\u00e9fis et choisissez la quantit\u00e9 de supports autocollants ou de magnets dont vous avez besoin.\u00a0<\/span><\/h3><h3 style=\"text-align: center;\"><span style=\"color: #000000;\">Si vous souhaitez commencer par un \u00e9co d\u00e9fi, vous pouvez tester l\u2019\u00e9co conduite ou le d\u00e9fi \u00e9nergie.\u00a0<\/span><\/h3><h3 style=\"text-align: center;\"><span style=\"color: #000000;\">Pour toute commande sur mesure, contactez-nous.<\/span><\/h3>\t\t\t\t\t\t\t\t<\/div>\n\t\t\t\t<\/div>\n\t\t\t\t<div class=\"elementor-element elementor-element-7c665f0 elementor-align-center elementor-widget elementor-widget-button\" data-id=\"7c665f0\" data-element_type=\"widget\" data-e-type=\"widget\" data-widget_type=\"button.default\">\n\t\t\t\t<div class=\"elementor-widget-container\">\n\t\t\t\t\t\t\t\t\t<div class=\"elementor-button-wrapper\">\n\t\t\t\t\t<a class=\"elementor-button elementor-button-link elementor-size-lg\" href=\"https:\/\/coboutique.hiboutik.com\/myshop\/\">\n\t\t\t\t\t\t<span class=\"elementor-button-content-wrapper\">\n\t\t\t\t\t\t\t\t\t<span class=\"elementor-button-text\">Acc\u00e9der \u00e0 la boutique<\/span>\n\t\t\t\t\t<\/span>\n\t\t\t\t\t<\/a>\n\t\t\t\t<\/div>\n\t\t\t\t\t\t\t\t<\/div>\n\t\t\t\t<\/div>\n\t\t\t\t<div class=\"elementor-element elementor-element-8071c1d elementor-widget elementor-widget-text-editor\" data-id=\"8071c1d\" data-element_type=\"widget\" data-e-type=\"widget\" data-settings=\"{&quot;_animation&quot;:&quot;none&quot;,&quot;_animation_delay&quot;:&quot;400&quot;}\" data-widget_type=\"text-editor.default\">\n\t\t\t\t<div class=\"elementor-widget-container\">\n\t\t\t\t\t\t\t\t\t<h2 style=\"text-align: center;\"><span style=\"color: #000000;\">Pour vos commandes de quantit\u00e9s\u00a0particuli\u00e8res et des supports personnalis\u00e9s<\/span><\/h2>\t\t\t\t\t\t\t\t<\/div>\n\t\t\t\t<\/div>\n\t\t\t\t<div class=\"elementor-element elementor-element-d6e7db9 elementor-align-center elementor-mobile-align-justify elementor-invisible elementor-widget elementor-widget-button\" data-id=\"d6e7db9\" data-element_type=\"widget\" data-e-type=\"widget\" data-settings=\"{&quot;_animation&quot;:&quot;fadeInUp&quot;,&quot;_animation_delay&quot;:&quot;200&quot;}\" data-widget_type=\"button.default\">\n\t\t\t\t<div class=\"elementor-widget-container\">\n\t\t\t\t\t\t\t\t\t<div class=\"elementor-button-wrapper\">\n\t\t\t\t\t<a class=\"elementor-button elementor-button-link elementor-size-xl\" href=\"https:\/\/entreprise-en-transition.fr\/index.php\/contact\/\">\n\t\t\t\t\t\t<span class=\"elementor-button-content-wrapper\">\n\t\t\t\t\t\t\t\t\t<span class=\"elementor-button-text\">Nous contacter<\/span>\n\t\t\t\t\t<\/span>\n\t\t\t\t\t<\/a>\n\t\t\t\t<\/div>\n\t\t\t\t\t\t\t\t<\/div>\n\t\t\t\t<\/div>\n\t\t\t\t\t<\/div>\n\t\t<\/div>\n\t\t\t\t\t<\/div>\n\t\t<\/section>\n\t\t\t\t<\/div>\n\t\t","protected":false},"excerpt":{"rendered":"<p>Et si nous prenions soin de l\u2019eau, pour acc\u00e9l\u00e9rer la transition\u00a0? Les experts du GIEC (Groupe d\u2019Experts Intergouvernemental sur l\u2019\u00c9volution du Climat) nous alertent depuis plus de 10 ans sur les tensions \u00e0 venir concernant l\u2019acc\u00e8s \u00e0 l\u2019eau et les d\u00e9gradations potentielles de la qualit\u00e9 de l\u2019eau. Cependant, si les ressources en eau repr\u00e9sentent un &hellip; <a href=\"https:\/\/entreprise-en-transition.fr\/index.php\/eco-defi-eau\/\" class=\"more-link\">Continuer la lecture<span class=\"screen-reader-text\"> de &laquo;&nbsp;Eco d\u00e9fi eau&nbsp;&raquo;<\/span><\/a><\/p>\n","protected":false},"author":1,"featured_media":0,"parent":0,"menu_order":0,"comment_status":"closed","ping_status":"closed","template":"elementor_header_footer","meta":{"footnotes":""},"class_list":["post-2244","page","type-page","status-publish","hentry"],"_links":{"self":[{"href":"https:\/\/entreprise-en-transition.fr\/index.php\/wp-json\/wp\/v2\/pages\/2244","targetHints":{"allow":["GET"]}}],"collection":[{"href":"https:\/\/entreprise-en-transition.fr\/index.php\/wp-json\/wp\/v2\/pages"}],"about":[{"href":"https:\/\/entreprise-en-transition.fr\/index.php\/wp-json\/wp\/v2\/types\/page"}],"author":[{"embeddable":true,"href":"https:\/\/entreprise-en-transition.fr\/index.php\/wp-json\/wp\/v2\/users\/1"}],"replies":[{"embeddable":true,"href":"https:\/\/entreprise-en-transition.fr\/index.php\/wp-json\/wp\/v2\/comments?post=2244"}],"version-history":[{"count":22,"href":"https:\/\/entreprise-en-transition.fr\/index.php\/wp-json\/wp\/v2\/pages\/2244\/revisions"}],"predecessor-version":[{"id":3211,"href":"https:\/\/entreprise-en-transition.fr\/index.php\/wp-json\/wp\/v2\/pages\/2244\/revisions\/3211"}],"wp:attachment":[{"href":"https:\/\/entreprise-en-transition.fr\/index.php\/wp-json\/wp\/v2\/media?parent=2244"}],"curies":[{"name":"wp","href":"https:\/\/api.w.org\/{rel}","templated":true}]}}