{"id":2272,"date":"2022-12-04T10:23:12","date_gmt":"2022-12-04T09:23:12","guid":{"rendered":"https:\/\/entreprise-en-transition.fr\/?page_id=2272"},"modified":"2023-05-12T18:39:09","modified_gmt":"2023-05-12T16:39:09","slug":"eco-defi-eco-conduite","status":"publish","type":"page","link":"https:\/\/entreprise-en-transition.fr\/index.php\/eco-defi-eco-conduite\/","title":{"rendered":"Eco d\u00e9fi Eco conduite"},"content":{"rendered":"\t\t<div data-elementor-type=\"wp-post\" data-elementor-id=\"2272\" class=\"elementor elementor-2272\" data-elementor-post-type=\"page\">\n\t\t\t\t\t\t<section class=\"elementor-section elementor-top-section elementor-element elementor-element-9a1559 elementor-section-height-full elementor-section-stretched elementor-section-full_width elementor-section-items-stretch elementor-section-height-default\" data-id=\"9a1559\" data-element_type=\"section\" data-e-type=\"section\" data-settings=\"{&quot;background_background&quot;:&quot;classic&quot;,&quot;stretch_section&quot;:&quot;section-stretched&quot;}\">\n\t\t\t\t\t\t\t<div class=\"elementor-background-overlay\"><\/div>\n\t\t\t\t\t\t\t<div class=\"elementor-container elementor-column-gap-default\">\n\t\t\t\t\t<div class=\"elementor-column elementor-col-100 elementor-top-column elementor-element elementor-element-4ee70606\" data-id=\"4ee70606\" data-element_type=\"column\" data-e-type=\"column\">\n\t\t\t<div class=\"elementor-widget-wrap elementor-element-populated\">\n\t\t\t\t\t\t\t<\/div>\n\t\t<\/div>\n\t\t\t\t\t<\/div>\n\t\t<\/section>\n\t\t\t\t<section class=\"elementor-section elementor-top-section elementor-element elementor-element-354b3f8a elementor-section-boxed elementor-section-height-default elementor-section-height-default\" data-id=\"354b3f8a\" data-element_type=\"section\" data-e-type=\"section\" data-settings=\"{&quot;background_background&quot;:&quot;classic&quot;}\">\n\t\t\t\t\t\t<div class=\"elementor-container elementor-column-gap-default\">\n\t\t\t\t\t<div class=\"elementor-column elementor-col-100 elementor-top-column elementor-element elementor-element-5932235c\" data-id=\"5932235c\" data-element_type=\"column\" data-e-type=\"column\" data-settings=\"{&quot;background_background&quot;:&quot;classic&quot;}\">\n\t\t\t<div class=\"elementor-widget-wrap elementor-element-populated\">\n\t\t\t\t\t\t<div class=\"elementor-element elementor-element-6dfda064 elementor-widget elementor-widget-heading\" data-id=\"6dfda064\" data-element_type=\"widget\" data-e-type=\"widget\" data-settings=\"{&quot;_animation&quot;:&quot;none&quot;,&quot;_animation_delay&quot;:&quot;500&quot;}\" data-widget_type=\"heading.default\">\n\t\t\t\t<div class=\"elementor-widget-container\">\n\t\t\t\t\t<h2 class=\"elementor-heading-title elementor-size-default\">R\u00e9duire notre vitesse \u00e0 110 km\/h, pour acc\u00e9l\u00e9rer la transition&nbsp;? <\/h2>\t\t\t\t<\/div>\n\t\t\t\t<\/div>\n\t\t\t\t<div class=\"elementor-element elementor-element-53f79884 elementor-widget elementor-widget-text-editor\" data-id=\"53f79884\" data-element_type=\"widget\" data-e-type=\"widget\" data-settings=\"{&quot;_animation&quot;:&quot;none&quot;,&quot;_animation_delay&quot;:&quot;400&quot;}\" data-widget_type=\"text-editor.default\">\n\t\t\t\t<div class=\"elementor-widget-container\">\n\t\t\t\t\t\t\t\t\t<p>La proposition de r\u00e9duire de 130 \u00e0 110km\/h la vitesse maximale sur les autoroutes fran\u00e7aises avait \u00e9t\u00e9 envisag\u00e9e par la Convention Citoyenne pour le Climat, constitu\u00e9e en octobre 2019. Les experts consult\u00e9s par la Convention estimaient que cette r\u00e9duction de 20 km\/h pourrait g\u00e9n\u00e9rer les avantages suivants\u00a0:<\/p><ul><li>R\u00e9duire de 20 % en moyenne la consommation et les \u00e9missions de gaz \u00e0 effet de serre, sur les portions de trajets concern\u00e9es.<\/li><li>Baisser la mortalit\u00e9 et les dommages corporels sur les routes<\/li><li>Contribuer \u00e0 r\u00e9duire les bouchons<\/li><\/ul><p>En contrepartie, un allongement mod\u00e9r\u00e9 des temps de trajets serait \u00e0 pr\u00e9voir : entre 4 et 8 minutes par heure.<\/p><p>La mesure n\u2019a pas \u00e9t\u00e9 impos\u00e9e par l\u2019\u00e9tat, mais pour autant, il reste \u00e0 chacun la possibilit\u00e9 de mettre en \u0153uvre, d\u00e8s \u00e0 pr\u00e9sent, cette d\u00e9marche efficace et<span class=\"Apple-converted-space\">\u00a0 <\/span>\u00e9co-responsable. C\u2019est dans cet esprit qu\u2019elle peut \u00eatre propos\u00e9e par les entreprises \u00e0 leurs collaborateurs et mise en place pour l\u2019utilisation de leurs v\u00e9hicules de fonction et\/ou personnel (trajet domicile-travail, missions professionnelles).<\/p><p>Dans tous les cas, cette action gagnera \u00e0 se placer dans le cadre de l&rsquo;approche plus large d\u2019une \u00e9co-conduite appliqu\u00e9e \u00e0 l\u2019ensemble des situations que peuvent rencontrer les conducteurs, au-del\u00e0 de la seule conduite sur autoroute.<\/p>\t\t\t\t\t\t\t\t<\/div>\n\t\t\t\t<\/div>\n\t\t\t\t<div class=\"elementor-element elementor-element-01a713d elementor-widget elementor-widget-heading\" data-id=\"01a713d\" data-element_type=\"widget\" data-e-type=\"widget\" data-widget_type=\"heading.default\">\n\t\t\t\t<div class=\"elementor-widget-container\">\n\t\t\t\t\t<h2 class=\"elementor-heading-title elementor-size-default\">Comment faire&nbsp;? <\/h2>\t\t\t\t<\/div>\n\t\t\t\t<\/div>\n\t\t\t\t<div class=\"elementor-element elementor-element-527b610 elementor-widget elementor-widget-text-editor\" data-id=\"527b610\" data-element_type=\"widget\" data-e-type=\"widget\" data-widget_type=\"text-editor.default\">\n\t\t\t\t<div class=\"elementor-widget-container\">\n\t\t\t\t\t\t\t\t\t<ul><li>Nous adoptons l\u2019\u00e9co conduite<\/li><li>Nous renseignons les indicateurs d\u2019\u00e9co-conduite au fur et \u00e0 mesure du d\u00e9fi, en accord avec la m\u00e9thode d\u2019\u00e9valuation mise en \u0153uvre dans notre entreprise.<\/li><li>Nous informons les autres usagers de la route de la d\u00e9marche, pour les sensibiliser et par souci de s\u00e9curit\u00e9, avec un magnet appos\u00e9 \u00e0 l\u2019arri\u00e8re du v\u00e9hicule. Ainsi, nous pouvons m\u00eame parier que certains des automobilistes qui d\u00e9couvriront la d\u00e9marche pourront en \u00eatre inspir\u00e9s et voudront suivre notre exemple !<\/li><\/ul>\t\t\t\t\t\t\t\t<\/div>\n\t\t\t\t<\/div>\n\t\t\t\t<div class=\"elementor-element elementor-element-eab6e1c elementor-widget elementor-widget-text-editor\" data-id=\"eab6e1c\" data-element_type=\"widget\" data-e-type=\"widget\" data-widget_type=\"text-editor.default\">\n\t\t\t\t<div class=\"elementor-widget-container\">\n\t\t\t\t\t\t\t\t\t<h3><span style=\"color: #000000;\"><strong>Le kit \u00e9co d\u00e9fi \u00a0c\u2019est : \u00a0<\/strong><\/span><span style=\"color: var( --e-global-color-text ); font-family: var( --e-global-typography-text-font-family ), Sans-serif; font-weight: var( --e-global-typography-text-font-weight ); font-size: 1rem;\">1 livret support + autocollants repositionnables\u00a0<\/span><\/h3><div><span style=\"color: var( --e-global-color-text ); font-family: var( --e-global-typography-text-font-family ), Sans-serif; font-weight: var( --e-global-typography-text-font-weight ); font-size: 1rem;\">\u00a0<\/span><\/div><ul><li>Une synth\u00e8se des enjeux du d\u00e9fi\u00a0<\/li><li>Des id\u00e9es d\u2019actions\u00a0<\/li><li>Des quizz pour tester ses connaissances\u00a0<\/li><li>Une pr\u00e9sentation de m\u00e9thodologies ou de projets exemplaires\u00a0<\/li><li>Une auto-formation pour approfondir la th\u00e9matique\u00a0<\/li><li>Une fiche projet avec son canva pour l\u2019\u00e9valuation des actions\u00a0<\/li><\/ul>\t\t\t\t\t\t\t\t<\/div>\n\t\t\t\t<\/div>\n\t\t\t\t\t<\/div>\n\t\t<\/div>\n\t\t\t\t\t<\/div>\n\t\t<\/section>\n\t\t\t\t<section class=\"elementor-section elementor-top-section elementor-element elementor-element-5e74fec1 elementor-section-stretched elementor-section-boxed elementor-section-height-default elementor-section-height-default\" data-id=\"5e74fec1\" data-element_type=\"section\" data-e-type=\"section\" data-settings=\"{&quot;background_background&quot;:&quot;classic&quot;,&quot;stretch_section&quot;:&quot;section-stretched&quot;}\">\n\t\t\t\t\t\t<div class=\"elementor-container elementor-column-gap-default\">\n\t\t\t\t\t<div class=\"elementor-column elementor-col-100 elementor-top-column elementor-element elementor-element-2e7ce44a\" data-id=\"2e7ce44a\" data-element_type=\"column\" data-e-type=\"column\">\n\t\t\t<div class=\"elementor-widget-wrap elementor-element-populated\">\n\t\t\t\t\t\t<div class=\"elementor-element elementor-element-995365c elementor-widget elementor-widget-image\" data-id=\"995365c\" data-element_type=\"widget\" data-e-type=\"widget\" data-widget_type=\"image.default\">\n\t\t\t\t<div class=\"elementor-widget-container\">\n\t\t\t\t\t\t\t\t\t\t\t\t\t\t\t<img fetchpriority=\"high\" decoding=\"async\" width=\"300\" height=\"300\" src=\"https:\/\/entreprise-en-transition.fr\/wp-content\/uploads\/2022\/11\/110-VFINALE-1-300x300.png\" class=\"attachment-medium size-medium wp-image-2060\" alt=\"\" srcset=\"https:\/\/entreprise-en-transition.fr\/wp-content\/uploads\/2022\/11\/110-VFINALE-1-300x300.png 300w, https:\/\/entreprise-en-transition.fr\/wp-content\/uploads\/2022\/11\/110-VFINALE-1-1024x1024.png 1024w, https:\/\/entreprise-en-transition.fr\/wp-content\/uploads\/2022\/11\/110-VFINALE-1-150x150.png 150w, https:\/\/entreprise-en-transition.fr\/wp-content\/uploads\/2022\/11\/110-VFINALE-1-768x768.png 768w, https:\/\/entreprise-en-transition.fr\/wp-content\/uploads\/2022\/11\/110-VFINALE-1-1536x1536.png 1536w, https:\/\/entreprise-en-transition.fr\/wp-content\/uploads\/2022\/11\/110-VFINALE-1-1200x1199.png 1200w, https:\/\/entreprise-en-transition.fr\/wp-content\/uploads\/2022\/11\/110-VFINALE-1.png 1580w\" sizes=\"(max-width: 300px) 85vw, 300px\" \/>\t\t\t\t\t\t\t\t\t\t\t\t\t\t\t<\/div>\n\t\t\t\t<\/div>\n\t\t\t\t\t<\/div>\n\t\t<\/div>\n\t\t\t\t\t<\/div>\n\t\t<\/section>\n\t\t\t\t<section class=\"elementor-section elementor-top-section elementor-element elementor-element-c5b916e elementor-section-boxed elementor-section-height-default elementor-section-height-default\" data-id=\"c5b916e\" data-element_type=\"section\" data-e-type=\"section\" data-settings=\"{&quot;background_background&quot;:&quot;classic&quot;}\">\n\t\t\t\t\t\t<div class=\"elementor-container elementor-column-gap-default\">\n\t\t\t\t\t<div class=\"elementor-column elementor-col-100 elementor-top-column elementor-element elementor-element-bfbe378\" data-id=\"bfbe378\" data-element_type=\"column\" data-e-type=\"column\" data-settings=\"{&quot;background_background&quot;:&quot;classic&quot;}\">\n\t\t\t<div class=\"elementor-widget-wrap elementor-element-populated\">\n\t\t\t\t\t\t<div class=\"elementor-element elementor-element-120d34d elementor-widget elementor-widget-heading\" data-id=\"120d34d\" data-element_type=\"widget\" data-e-type=\"widget\" data-settings=\"{&quot;_animation&quot;:&quot;none&quot;,&quot;_animation_delay&quot;:&quot;500&quot;}\" data-widget_type=\"heading.default\">\n\t\t\t\t<div class=\"elementor-widget-container\">\n\t\t\t\t\t<h2 class=\"elementor-heading-title elementor-size-default\">Affichons notre volont\u00e9 d\u2019acc\u00e9l\u00e9rer la transition\u00a0:<\/h2>\t\t\t\t<\/div>\n\t\t\t\t<\/div>\n\t\t\t\t<div class=\"elementor-element elementor-element-d98f28e elementor-widget elementor-widget-text-editor\" data-id=\"d98f28e\" data-element_type=\"widget\" data-e-type=\"widget\" data-settings=\"{&quot;_animation&quot;:&quot;none&quot;,&quot;_animation_delay&quot;:&quot;400&quot;}\" data-widget_type=\"text-editor.default\">\n\t\t\t\t<div class=\"elementor-widget-container\">\n\t\t\t\t\t\t\t\t\tPour informer les autres usagers de la route de votre d\u00e9marche, par souci de s\u00e9curit\u00e9 et pour les sensibiliser, nous vous proposons des affichettes \u00e0 t\u00e9l\u00e9charger et des autocollants ou magnets \u00e0 commander. <\/p>\nLes b\u00e9n\u00e9fices g\u00e9n\u00e9r\u00e9s par leur vente iront int\u00e9gralement au soutien de la d\u00e9marche Entreprise en Transition (soutien aux projets ou \u00e0 la formation de nouveaux intervenants, achat de mat\u00e9riel p\u00e9dagogique, etc.).<\/p>\t\t\t\t\t\t\t\t<\/div>\n\t\t\t\t<\/div>\n\t\t\t\t\t<\/div>\n\t\t<\/div>\n\t\t\t\t\t<\/div>\n\t\t<\/section>\n\t\t\t\t<section class=\"elementor-section elementor-top-section elementor-element elementor-element-0b6993f elementor-section-boxed elementor-section-height-default elementor-section-height-default\" data-id=\"0b6993f\" data-element_type=\"section\" data-e-type=\"section\">\n\t\t\t\t\t\t<div class=\"elementor-container elementor-column-gap-default\">\n\t\t\t\t\t<div class=\"elementor-column elementor-col-100 elementor-top-column elementor-element elementor-element-811ebe9\" data-id=\"811ebe9\" data-element_type=\"column\" data-e-type=\"column\">\n\t\t\t<div class=\"elementor-widget-wrap elementor-element-populated\">\n\t\t\t\t\t\t<div class=\"elementor-element elementor-element-c8ae48c elementor-widget elementor-widget-text-editor\" data-id=\"c8ae48c\" data-element_type=\"widget\" data-e-type=\"widget\" data-widget_type=\"text-editor.default\">\n\t\t\t\t<div class=\"elementor-widget-container\">\n\t\t\t\t\t\t\t\t\t<h3 style=\"text-align: center;\"><span style=\"color: #000000;\">Achetez votre kit \u00e9co d\u00e9fis et choisissez la quantit\u00e9 de supports autocollants ou de magnets dont vous avez besoin.\u00a0<\/span><\/h3><h3 style=\"text-align: center;\"><span style=\"color: #000000;\">Si vous souhaitez commencer par un \u00e9co d\u00e9fi, vous pouvez tester l\u2019\u00e9co conduite ou le d\u00e9fi \u00e9nergie.\u00a0<\/span><\/h3><h3 style=\"text-align: center;\"><span style=\"color: #000000;\">Pour toute commande sur mesure, contactez-nous.\u00a0<\/span><\/h3>\t\t\t\t\t\t\t\t<\/div>\n\t\t\t\t<\/div>\n\t\t\t\t<div class=\"elementor-element elementor-element-44e6e47 elementor-align-center elementor-widget elementor-widget-button\" data-id=\"44e6e47\" data-element_type=\"widget\" data-e-type=\"widget\" data-widget_type=\"button.default\">\n\t\t\t\t<div class=\"elementor-widget-container\">\n\t\t\t\t\t\t\t\t\t<div class=\"elementor-button-wrapper\">\n\t\t\t\t\t<a class=\"elementor-button elementor-button-link elementor-size-lg\" href=\"https:\/\/coboutique.hiboutik.com\/myshop\/\">\n\t\t\t\t\t\t<span class=\"elementor-button-content-wrapper\">\n\t\t\t\t\t\t\t\t\t<span class=\"elementor-button-text\">Acc\u00e9der \u00e0 la boutique<\/span>\n\t\t\t\t\t<\/span>\n\t\t\t\t\t<\/a>\n\t\t\t\t<\/div>\n\t\t\t\t\t\t\t\t<\/div>\n\t\t\t\t<\/div>\n\t\t\t\t\t<\/div>\n\t\t<\/div>\n\t\t\t\t\t<\/div>\n\t\t<\/section>\n\t\t\t\t<section class=\"elementor-section elementor-top-section elementor-element elementor-element-21bff35 elementor-section-boxed elementor-section-height-default elementor-section-height-default\" data-id=\"21bff35\" data-element_type=\"section\" data-e-type=\"section\">\n\t\t\t\t\t\t<div class=\"elementor-container elementor-column-gap-default\">\n\t\t\t\t\t<div class=\"elementor-column elementor-col-100 elementor-top-column elementor-element elementor-element-88934f7\" data-id=\"88934f7\" data-element_type=\"column\" data-e-type=\"column\">\n\t\t\t<div class=\"elementor-widget-wrap elementor-element-populated\">\n\t\t\t\t\t\t<div class=\"elementor-element elementor-element-8071c1d elementor-invisible elementor-widget elementor-widget-text-editor\" data-id=\"8071c1d\" data-element_type=\"widget\" data-e-type=\"widget\" data-settings=\"{&quot;_animation&quot;:&quot;fadeInLeft&quot;,&quot;_animation_delay&quot;:&quot;400&quot;}\" data-widget_type=\"text-editor.default\">\n\t\t\t\t<div class=\"elementor-widget-container\">\n\t\t\t\t\t\t\t\t\t<h2 style=\"text-align: center;\"><span style=\"color: #000000;\">Pour vos commandes de quantit\u00e9s\u00a0particuli\u00e8res et des supports personnalis\u00e9s<\/span><\/h2>\t\t\t\t\t\t\t\t<\/div>\n\t\t\t\t<\/div>\n\t\t\t\t<div class=\"elementor-element elementor-element-d6e7db9 elementor-align-center elementor-mobile-align-justify elementor-invisible elementor-widget elementor-widget-button\" data-id=\"d6e7db9\" data-element_type=\"widget\" data-e-type=\"widget\" data-settings=\"{&quot;_animation&quot;:&quot;fadeInUp&quot;,&quot;_animation_delay&quot;:&quot;200&quot;}\" data-widget_type=\"button.default\">\n\t\t\t\t<div class=\"elementor-widget-container\">\n\t\t\t\t\t\t\t\t\t<div class=\"elementor-button-wrapper\">\n\t\t\t\t\t<a class=\"elementor-button elementor-button-link elementor-size-lg\" href=\"https:\/\/entreprise-en-transition.fr\/index.php\/contact\/\">\n\t\t\t\t\t\t<span class=\"elementor-button-content-wrapper\">\n\t\t\t\t\t\t\t\t\t<span class=\"elementor-button-text\">Nous contacter<\/span>\n\t\t\t\t\t<\/span>\n\t\t\t\t\t<\/a>\n\t\t\t\t<\/div>\n\t\t\t\t\t\t\t\t<\/div>\n\t\t\t\t<\/div>\n\t\t\t\t\t<\/div>\n\t\t<\/div>\n\t\t\t\t\t<\/div>\n\t\t<\/section>\n\t\t\t\t<\/div>\n\t\t","protected":false},"excerpt":{"rendered":"<p>R\u00e9duire notre vitesse \u00e0 110 km\/h, pour acc\u00e9l\u00e9rer la transition&nbsp;? La proposition de r\u00e9duire de 130 \u00e0 110km\/h la vitesse maximale sur les autoroutes fran\u00e7aises avait \u00e9t\u00e9 envisag\u00e9e par la Convention Citoyenne pour le Climat, constitu\u00e9e en octobre 2019. Les experts consult\u00e9s par la Convention estimaient que cette r\u00e9duction de 20 km\/h pourrait g\u00e9n\u00e9rer les &hellip; <a href=\"https:\/\/entreprise-en-transition.fr\/index.php\/eco-defi-eco-conduite\/\" class=\"more-link\">Continuer la lecture<span class=\"screen-reader-text\"> de &laquo;&nbsp;Eco d\u00e9fi Eco conduite&nbsp;&raquo;<\/span><\/a><\/p>\n","protected":false},"author":1,"featured_media":0,"parent":0,"menu_order":0,"comment_status":"closed","ping_status":"closed","template":"elementor_header_footer","meta":{"footnotes":""},"class_list":["post-2272","page","type-page","status-publish","hentry"],"_links":{"self":[{"href":"https:\/\/entreprise-en-transition.fr\/index.php\/wp-json\/wp\/v2\/pages\/2272","targetHints":{"allow":["GET"]}}],"collection":[{"href":"https:\/\/entreprise-en-transition.fr\/index.php\/wp-json\/wp\/v2\/pages"}],"about":[{"href":"https:\/\/entreprise-en-transition.fr\/index.php\/wp-json\/wp\/v2\/types\/page"}],"author":[{"embeddable":true,"href":"https:\/\/entreprise-en-transition.fr\/index.php\/wp-json\/wp\/v2\/users\/1"}],"replies":[{"embeddable":true,"href":"https:\/\/entreprise-en-transition.fr\/index.php\/wp-json\/wp\/v2\/comments?post=2272"}],"version-history":[{"count":52,"href":"https:\/\/entreprise-en-transition.fr\/index.php\/wp-json\/wp\/v2\/pages\/2272\/revisions"}],"predecessor-version":[{"id":3190,"href":"https:\/\/entreprise-en-transition.fr\/index.php\/wp-json\/wp\/v2\/pages\/2272\/revisions\/3190"}],"wp:attachment":[{"href":"https:\/\/entreprise-en-transition.fr\/index.php\/wp-json\/wp\/v2\/media?parent=2272"}],"curies":[{"name":"wp","href":"https:\/\/api.w.org\/{rel}","templated":true}]}}