{"id":679,"date":"2019-11-16T10:01:52","date_gmt":"2019-11-16T09:01:52","guid":{"rendered":"http:\/\/entreprise-en-transition.fr\/?page_id=679"},"modified":"2024-03-29T14:19:30","modified_gmt":"2024-03-29T13:19:30","slug":"notre-projet","status":"publish","type":"page","link":"https:\/\/entreprise-en-transition.fr\/index.php\/notre-projet\/","title":{"rendered":"Notre projet"},"content":{"rendered":"\t\t<div data-elementor-type=\"wp-post\" data-elementor-id=\"679\" class=\"elementor elementor-679\" data-elementor-post-type=\"page\">\n\t\t\t\t\t\t<section class=\"elementor-section elementor-top-section elementor-element elementor-element-9a1559 elementor-section-height-min-height elementor-section-stretched elementor-section-boxed elementor-section-height-default elementor-section-items-middle\" data-id=\"9a1559\" data-element_type=\"section\" data-e-type=\"section\" data-settings=\"{&quot;background_background&quot;:&quot;classic&quot;,&quot;stretch_section&quot;:&quot;section-stretched&quot;}\">\n\t\t\t\t\t\t\t<div class=\"elementor-background-overlay\"><\/div>\n\t\t\t\t\t\t\t<div class=\"elementor-container elementor-column-gap-no\">\n\t\t\t\t\t<div class=\"elementor-column elementor-col-100 elementor-top-column elementor-element elementor-element-4ee70606\" data-id=\"4ee70606\" data-element_type=\"column\" data-e-type=\"column\">\n\t\t\t<div class=\"elementor-widget-wrap elementor-element-populated\">\n\t\t\t\t\t\t<div class=\"elementor-element elementor-element-d68a7a2 elementor-widget elementor-widget-heading\" data-id=\"d68a7a2\" data-element_type=\"widget\" data-e-type=\"widget\" data-widget_type=\"heading.default\">\n\t\t\t\t<div class=\"elementor-widget-container\">\n\t\t\t\t\t<h2 class=\"elementor-heading-title elementor-size-default\">Notre projet<\/h2>\t\t\t\t<\/div>\n\t\t\t\t<\/div>\n\t\t\t\t\t<\/div>\n\t\t<\/div>\n\t\t\t\t\t<\/div>\n\t\t<\/section>\n\t\t\t\t<section class=\"elementor-section elementor-top-section elementor-element elementor-element-354b3f8a elementor-section-boxed elementor-section-height-default elementor-section-height-default\" data-id=\"354b3f8a\" data-element_type=\"section\" data-e-type=\"section\" data-settings=\"{&quot;background_background&quot;:&quot;classic&quot;}\">\n\t\t\t\t\t\t<div class=\"elementor-container elementor-column-gap-default\">\n\t\t\t\t\t<div class=\"elementor-column elementor-col-100 elementor-top-column elementor-element elementor-element-5932235c\" data-id=\"5932235c\" data-element_type=\"column\" data-e-type=\"column\" data-settings=\"{&quot;background_background&quot;:&quot;classic&quot;}\">\n\t\t\t<div class=\"elementor-widget-wrap elementor-element-populated\">\n\t\t\t\t\t\t<div class=\"elementor-element elementor-element-6dfda064 elementor-widget elementor-widget-heading\" data-id=\"6dfda064\" data-element_type=\"widget\" data-e-type=\"widget\" data-settings=\"{&quot;_animation&quot;:&quot;none&quot;,&quot;_animation_delay&quot;:&quot;500&quot;}\" data-widget_type=\"heading.default\">\n\t\t\t\t<div class=\"elementor-widget-container\">\n\t\t\t\t\t<h2 class=\"elementor-heading-title elementor-size-default\">Notre projet\u00a0: accompagner les changements pour faire face \u00e0 l\u2019urgence du changement<\/h2>\t\t\t\t<\/div>\n\t\t\t\t<\/div>\n\t\t\t\t<div class=\"elementor-element elementor-element-53f79884 elementor-widget elementor-widget-text-editor\" data-id=\"53f79884\" data-element_type=\"widget\" data-e-type=\"widget\" data-settings=\"{&quot;_animation&quot;:&quot;none&quot;,&quot;_animation_delay&quot;:&quot;400&quot;}\" data-widget_type=\"text-editor.default\">\n\t\t\t\t<div class=\"elementor-widget-container\">\n\t\t\t\t\t\t\t\t\t<p><span style=\"color: #000000;\">Depuis plus de 30 ans, le cabinet Equipe &amp; D\u00e9veloppement accompagne les personnes et les organisations (entreprises, associations et institutions, etc\u2026) <\/span><span style=\"color: #000000;\">dans leurs d\u00e9marches de changements et d\u2019\u00e9volution, <\/span><span style=\"color: #000000;\">pour un d\u00e9veloppement durable<\/span><span style=\"color: #000000;\">.<\/span><\/p>\n<p><span style=\"color: #000000;\">Le projet Entreprises en Transition est n\u00e9 d&rsquo;une urgence d&rsquo;agir. Face aux enjeux \u00e9cologiques et aux perspectives dramatiques que laissent entrevoir les pr\u00e9visions des scientifiques, nous voulons aujourd&rsquo;hui mettre nos comp\u00e9tences au service de ces transformations qui nous paraissent plus que jamais n\u00e9cessaires.&nbsp;<\/span><\/p>\n<p><\/p>\t\t\t\t\t\t\t\t<\/div>\n\t\t\t\t<\/div>\n\t\t\t\t\t<\/div>\n\t\t<\/div>\n\t\t\t\t\t<\/div>\n\t\t<\/section>\n\t\t\t\t<section class=\"elementor-section elementor-top-section elementor-element elementor-element-5e74fec1 elementor-section-stretched elementor-section-boxed elementor-section-height-default elementor-section-height-default\" data-id=\"5e74fec1\" data-element_type=\"section\" data-e-type=\"section\" data-settings=\"{&quot;background_background&quot;:&quot;classic&quot;,&quot;stretch_section&quot;:&quot;section-stretched&quot;}\">\n\t\t\t\t\t\t<div class=\"elementor-container elementor-column-gap-no\">\n\t\t\t\t\t<div class=\"elementor-column elementor-col-50 elementor-top-column elementor-element elementor-element-2e7ce44a elementor-hidden-tablet\" data-id=\"2e7ce44a\" data-element_type=\"column\" data-e-type=\"column\" data-settings=\"{&quot;background_background&quot;:&quot;classic&quot;}\">\n\t\t\t<div class=\"elementor-widget-wrap elementor-element-populated\">\n\t\t\t\t\t\t<div class=\"elementor-element elementor-element-d655c8b elementor-hidden-desktop elementor-hidden-tablet elementor-widget elementor-widget-image\" data-id=\"d655c8b\" data-element_type=\"widget\" data-e-type=\"widget\" data-widget_type=\"image.default\">\n\t\t\t\t<div class=\"elementor-widget-container\">\n\t\t\t\t\t\t\t\t\t\t\t\t\t\t\t<img fetchpriority=\"high\" decoding=\"async\" width=\"840\" height=\"559\" src=\"https:\/\/entreprise-en-transition.fr\/wp-content\/uploads\/2019\/09\/Fotolia_60836540_M-1024x682.jpg\" class=\"attachment-large size-large wp-image-380\" alt=\"Notre projet\" srcset=\"https:\/\/entreprise-en-transition.fr\/wp-content\/uploads\/2019\/09\/Fotolia_60836540_M-1024x682.jpg 1024w, https:\/\/entreprise-en-transition.fr\/wp-content\/uploads\/2019\/09\/Fotolia_60836540_M-300x200.jpg 300w, https:\/\/entreprise-en-transition.fr\/wp-content\/uploads\/2019\/09\/Fotolia_60836540_M-768x512.jpg 768w, https:\/\/entreprise-en-transition.fr\/wp-content\/uploads\/2019\/09\/Fotolia_60836540_M-1200x800.jpg 1200w, https:\/\/entreprise-en-transition.fr\/wp-content\/uploads\/2019\/09\/Fotolia_60836540_M.jpg 1688w\" sizes=\"(max-width: 709px) 85vw, (max-width: 909px) 67vw, (max-width: 1362px) 62vw, 840px\" \/>\t\t\t\t\t\t\t\t\t\t\t\t\t\t\t<\/div>\n\t\t\t\t<\/div>\n\t\t\t\t\t<\/div>\n\t\t<\/div>\n\t\t\t\t<div class=\"elementor-column elementor-col-50 elementor-top-column elementor-element elementor-element-66f3ee8\" data-id=\"66f3ee8\" data-element_type=\"column\" data-e-type=\"column\" data-settings=\"{&quot;background_background&quot;:&quot;classic&quot;}\">\n\t\t\t<div class=\"elementor-widget-wrap elementor-element-populated\">\n\t\t\t\t\t\t<div class=\"elementor-element elementor-element-4cc2f0f5 elementor-widget elementor-widget-heading\" data-id=\"4cc2f0f5\" data-element_type=\"widget\" data-e-type=\"widget\" data-settings=\"{&quot;_animation&quot;:&quot;none&quot;,&quot;_animation_delay&quot;:&quot;500&quot;}\" data-widget_type=\"heading.default\">\n\t\t\t\t<div class=\"elementor-widget-container\">\n\t\t\t\t\t<h2 class=\"elementor-heading-title elementor-size-default\">L\u2019exp\u00e9rience d\u2019accompagner les mises en mouvement<\/h2>\t\t\t\t<\/div>\n\t\t\t\t<\/div>\n\t\t\t\t<div class=\"elementor-element elementor-element-46fb7389 elementor-widget elementor-widget-text-editor\" data-id=\"46fb7389\" data-element_type=\"widget\" data-e-type=\"widget\" data-settings=\"{&quot;_animation&quot;:&quot;none&quot;,&quot;_animation_delay&quot;:&quot;400&quot;}\" data-widget_type=\"text-editor.default\">\n\t\t\t\t<div class=\"elementor-widget-container\">\n\t\t\t\t\t\t\t\t\t<p><span style=\"color: #000000;\">Nous souhaitons agir dans le domaine que nous connaissons le mieux\u00a0: celui de l&rsquo;univers professionnel, le monde des entreprises et des institutions. Notre exp\u00e9rience de l&rsquo;accompagnement des \u00e9quipes et des organisations dans leurs d\u00e9marches d\u2019\u00e9volution, nous a permis de construire une exp\u00e9rience qui nous para\u00eet pr\u00e9cieuse pour accompagner la mise en mouvement de toutes les entreprises aux prises avec une inertie difficile \u00e0 vaincre.<\/span><\/p><p><span style=\"color: #000000;\">De plus nos coop\u00e9rations r\u00e9guli\u00e8res, sur notre territoire, avec de nombreuses associations et initiatives dans le domaine \u00e9cologique et des pratiques alternatives (Association et Formation \u00c9co-Conseil, \u00c9coBio Alsace, Mouvement d\u2019Agriculture BioDynamique, Association \u00c9co-Quartiers Strasbourg, Mouvement Vall\u00e9e de Munster en Transition, les Facilitateurs d\u2019Alsace, etc&#8230;) nous ont permis de tisser des liens solides et nous permettent de compter sur des ressources \u00e0 m\u00eame de soutenir la dynamique sur le plan local et au-del\u00e0&#8230;<\/span><\/p>\t\t\t\t\t\t\t\t<\/div>\n\t\t\t\t<\/div>\n\t\t\t\t\t<\/div>\n\t\t<\/div>\n\t\t\t\t\t<\/div>\n\t\t<\/section>\n\t\t\t\t<section class=\"elementor-section elementor-top-section elementor-element elementor-element-7792418 elementor-section-stretched elementor-reverse-mobile elementor-section-boxed elementor-section-height-default elementor-section-height-default\" data-id=\"7792418\" data-element_type=\"section\" data-e-type=\"section\" data-settings=\"{&quot;background_background&quot;:&quot;classic&quot;,&quot;stretch_section&quot;:&quot;section-stretched&quot;}\">\n\t\t\t\t\t\t<div class=\"elementor-container elementor-column-gap-no\">\n\t\t\t\t\t<div class=\"elementor-column elementor-col-50 elementor-top-column elementor-element elementor-element-70f41fb\" data-id=\"70f41fb\" data-element_type=\"column\" data-e-type=\"column\" data-settings=\"{&quot;background_background&quot;:&quot;classic&quot;}\">\n\t\t\t<div class=\"elementor-widget-wrap elementor-element-populated\">\n\t\t\t\t\t\t<div class=\"elementor-element elementor-element-bb1ddc5 elementor-widget elementor-widget-heading\" data-id=\"bb1ddc5\" data-element_type=\"widget\" data-e-type=\"widget\" data-settings=\"{&quot;_animation&quot;:&quot;none&quot;,&quot;_animation_delay&quot;:&quot;500&quot;}\" data-widget_type=\"heading.default\">\n\t\t\t\t<div class=\"elementor-widget-container\">\n\t\t\t\t\t<h2 class=\"elementor-heading-title elementor-size-default\">Une aventure joyeuse<\/h2>\t\t\t\t<\/div>\n\t\t\t\t<\/div>\n\t\t\t\t<div class=\"elementor-element elementor-element-b2fdeef elementor-widget elementor-widget-text-editor\" data-id=\"b2fdeef\" data-element_type=\"widget\" data-e-type=\"widget\" data-settings=\"{&quot;_animation&quot;:&quot;none&quot;,&quot;_animation_delay&quot;:&quot;400&quot;}\" data-widget_type=\"text-editor.default\">\n\t\t\t\t<div class=\"elementor-widget-container\">\n\t\t\t\t\t\t\t\t\t<p><span style=\"color: #000000;\">Malgr\u00e9 la gravit\u00e9 des enjeux, la d\u00e9marche de la transition \u00e9cologique se propose \u00e0 nous comme une aventure joyeuse et tr\u00e8s enthousiasmante, l\u2019immensit\u00e9 du d\u00e9fi donnant toute sa valeur \u00e0 notre engagement.&nbsp;<\/span><\/p><p><span style=\"color: #000000;\">Nous sommes donc tr\u00e8s heureux d\u2019apporter notre soutien aux entreprises et institutions souhaitant engager cette d\u00e9marche ou aux salari\u00e9s qui souhaiteraient la voir mise en \u0153uvre dans leur organisation et nous nous ferons un grand plaisir aussi de partager avec les professionnels de l&rsquo;accompagnement du changement (coachs ou facilitateurs) motiv\u00e9s pour s&rsquo;approprier la d\u00e9marche, le savoir-faire que nous construisons et renfor\u00e7ons tous les jours dans l&rsquo;accompagnement des Entreprises en Transition.<\/span><\/p>\t\t\t\t\t\t\t\t<\/div>\n\t\t\t\t<\/div>\n\t\t\t\t\t<\/div>\n\t\t<\/div>\n\t\t\t\t<div class=\"elementor-column elementor-col-50 elementor-top-column elementor-element elementor-element-4f0fbc4 elementor-hidden-tablet\" data-id=\"4f0fbc4\" data-element_type=\"column\" data-e-type=\"column\" data-settings=\"{&quot;background_background&quot;:&quot;classic&quot;}\">\n\t\t\t<div class=\"elementor-widget-wrap elementor-element-populated\">\n\t\t\t\t\t\t<div class=\"elementor-element elementor-element-442f976 elementor-hidden-desktop elementor-hidden-tablet elementor-widget elementor-widget-image\" data-id=\"442f976\" data-element_type=\"widget\" data-e-type=\"widget\" data-widget_type=\"image.default\">\n\t\t\t\t<div class=\"elementor-widget-container\">\n\t\t\t\t\t\t\t\t\t\t\t\t\t\t\t<img decoding=\"async\" width=\"840\" height=\"559\" src=\"https:\/\/entreprise-en-transition.fr\/wp-content\/uploads\/2019\/09\/busy-trendy-office-with-business-people-achieving-success-1024x682.jpg\" class=\"attachment-large size-large wp-image-258\" alt=\"Notre projet\" srcset=\"https:\/\/entreprise-en-transition.fr\/wp-content\/uploads\/2019\/09\/busy-trendy-office-with-business-people-achieving-success-1024x682.jpg 1024w, https:\/\/entreprise-en-transition.fr\/wp-content\/uploads\/2019\/09\/busy-trendy-office-with-business-people-achieving-success-300x200.jpg 300w, https:\/\/entreprise-en-transition.fr\/wp-content\/uploads\/2019\/09\/busy-trendy-office-with-business-people-achieving-success-768x512.jpg 768w, https:\/\/entreprise-en-transition.fr\/wp-content\/uploads\/2019\/09\/busy-trendy-office-with-business-people-achieving-success-1200x800.jpg 1200w, https:\/\/entreprise-en-transition.fr\/wp-content\/uploads\/2019\/09\/busy-trendy-office-with-business-people-achieving-success.jpg 2000w\" sizes=\"(max-width: 709px) 85vw, (max-width: 909px) 67vw, (max-width: 1362px) 62vw, 840px\" \/>\t\t\t\t\t\t\t\t\t\t\t\t\t\t\t<\/div>\n\t\t\t\t<\/div>\n\t\t\t\t\t<\/div>\n\t\t<\/div>\n\t\t\t\t\t<\/div>\n\t\t<\/section>\n\t\t\t\t<section class=\"elementor-section elementor-top-section elementor-element elementor-element-1acf3630 elementor-section-boxed elementor-section-height-default elementor-section-height-default\" data-id=\"1acf3630\" data-element_type=\"section\" data-e-type=\"section\" data-settings=\"{&quot;background_background&quot;:&quot;classic&quot;}\">\n\t\t\t\t\t\t<div class=\"elementor-container elementor-column-gap-default\">\n\t\t\t\t\t<div class=\"elementor-column elementor-col-100 elementor-top-column elementor-element elementor-element-2478543b\" data-id=\"2478543b\" data-element_type=\"column\" data-e-type=\"column\" data-settings=\"{&quot;background_background&quot;:&quot;classic&quot;}\">\n\t\t\t<div class=\"elementor-widget-wrap elementor-element-populated\">\n\t\t\t\t\t\t<div class=\"elementor-element elementor-element-fb24b5c elementor-align-center elementor-widget elementor-widget-button\" data-id=\"fb24b5c\" data-element_type=\"widget\" data-e-type=\"widget\" data-widget_type=\"button.default\">\n\t\t\t\t<div class=\"elementor-widget-container\">\n\t\t\t\t\t\t\t\t\t<div class=\"elementor-button-wrapper\">\n\t\t\t\t\t<a class=\"elementor-button elementor-button-link elementor-size-lg\" href=\"https:\/\/entreprise-en-transition.fr\/index.php\/ducolibriaupelican\/\">\n\t\t\t\t\t\t<span class=\"elementor-button-content-wrapper\">\n\t\t\t\t\t\t\t\t\t<span class=\"elementor-button-text\">Et si l'entreprise faisait sa part ?<\/span>\n\t\t\t\t\t<\/span>\n\t\t\t\t\t<\/a>\n\t\t\t\t<\/div>\n\t\t\t\t\t\t\t\t<\/div>\n\t\t\t\t<\/div>\n\t\t\t\t\t<\/div>\n\t\t<\/div>\n\t\t\t\t\t<\/div>\n\t\t<\/section>\n\t\t\t\t<\/div>\n\t\t","protected":false},"excerpt":{"rendered":"<p>Notre projet Notre projet\u00a0: accompagner les changements pour faire face \u00e0 l\u2019urgence du changement Depuis plus de 30 ans, le cabinet Equipe &amp; D\u00e9veloppement accompagne les personnes et les organisations (entreprises, associations et institutions, etc\u2026) dans leurs d\u00e9marches de changements et d\u2019\u00e9volution, pour un d\u00e9veloppement durable. Le projet Entreprises en Transition est n\u00e9 d&rsquo;une urgence &hellip; <a href=\"https:\/\/entreprise-en-transition.fr\/index.php\/notre-projet\/\" class=\"more-link\">Continuer la lecture<span class=\"screen-reader-text\"> de &laquo;&nbsp;Notre projet&nbsp;&raquo;<\/span><\/a><\/p>\n","protected":false},"author":2,"featured_media":0,"parent":0,"menu_order":0,"comment_status":"closed","ping_status":"closed","template":"elementor_header_footer","meta":{"footnotes":""},"class_list":["post-679","page","type-page","status-publish","hentry"],"_links":{"self":[{"href":"https:\/\/entreprise-en-transition.fr\/index.php\/wp-json\/wp\/v2\/pages\/679","targetHints":{"allow":["GET"]}}],"collection":[{"href":"https:\/\/entreprise-en-transition.fr\/index.php\/wp-json\/wp\/v2\/pages"}],"about":[{"href":"https:\/\/entreprise-en-transition.fr\/index.php\/wp-json\/wp\/v2\/types\/page"}],"author":[{"embeddable":true,"href":"https:\/\/entreprise-en-transition.fr\/index.php\/wp-json\/wp\/v2\/users\/2"}],"replies":[{"embeddable":true,"href":"https:\/\/entreprise-en-transition.fr\/index.php\/wp-json\/wp\/v2\/comments?post=679"}],"version-history":[{"count":73,"href":"https:\/\/entreprise-en-transition.fr\/index.php\/wp-json\/wp\/v2\/pages\/679\/revisions"}],"predecessor-version":[{"id":3433,"href":"https:\/\/entreprise-en-transition.fr\/index.php\/wp-json\/wp\/v2\/pages\/679\/revisions\/3433"}],"wp:attachment":[{"href":"https:\/\/entreprise-en-transition.fr\/index.php\/wp-json\/wp\/v2\/media?parent=679"}],"curies":[{"name":"wp","href":"https:\/\/api.w.org\/{rel}","templated":true}]}}