{"id":806,"date":"2020-03-19T11:19:30","date_gmt":"2020-03-19T10:19:30","guid":{"rendered":"http:\/\/entreprise-en-transition.fr\/?page_id=806"},"modified":"2026-03-16T08:46:43","modified_gmt":"2026-03-16T07:46:43","slug":"christian-morel","status":"publish","type":"page","link":"https:\/\/entreprise-en-transition.fr\/index.php\/christian-morel\/","title":{"rendered":"Christian Morel"},"content":{"rendered":"\t\t<div data-elementor-type=\"wp-page\" data-elementor-id=\"806\" class=\"elementor elementor-806\" data-elementor-post-type=\"page\">\n\t\t\t\t\t\t<section class=\"elementor-section elementor-top-section elementor-element elementor-element-ac2943c elementor-section-stretched elementor-section-content-middle elementor-section-boxed elementor-section-height-default elementor-section-height-default\" data-id=\"ac2943c\" data-element_type=\"section\" data-e-type=\"section\" data-settings=\"{&quot;stretch_section&quot;:&quot;section-stretched&quot;,&quot;background_background&quot;:&quot;classic&quot;}\">\n\t\t\t\t\t\t<div class=\"elementor-container elementor-column-gap-default\">\n\t\t\t\t\t<div class=\"elementor-column elementor-col-100 elementor-top-column elementor-element elementor-element-f7c6736\" data-id=\"f7c6736\" data-element_type=\"column\" data-e-type=\"column\">\n\t\t\t<div class=\"elementor-widget-wrap elementor-element-populated\">\n\t\t\t\t\t\t<section class=\"elementor-section elementor-inner-section elementor-element elementor-element-f78a601 elementor-section-content-middle elementor-section-boxed elementor-section-height-default elementor-section-height-default\" data-id=\"f78a601\" data-element_type=\"section\" data-e-type=\"section\">\n\t\t\t\t\t\t<div class=\"elementor-container elementor-column-gap-default\">\n\t\t\t\t\t<div class=\"elementor-column elementor-col-50 elementor-inner-column elementor-element elementor-element-7dedf7ce\" data-id=\"7dedf7ce\" data-element_type=\"column\" data-e-type=\"column\">\n\t\t\t<div class=\"elementor-widget-wrap elementor-element-populated\">\n\t\t\t\t\t\t<div class=\"elementor-element elementor-element-5de9294f elementor-widget elementor-widget-image\" data-id=\"5de9294f\" data-element_type=\"widget\" data-e-type=\"widget\" data-widget_type=\"image.default\">\n\t\t\t\t<div class=\"elementor-widget-container\">\n\t\t\t\t\t\t\t\t\t\t\t\t\t\t\t<img decoding=\"async\" src=\"https:\/\/entreprise-en-transition.fr\/wp-content\/uploads\/elementor\/thumbs\/Photo-Web-rkl00zast09zfjjst0hl7foxkma2vy6ijwnnhjrb7s.jpeg\" title=\"Christian Morel\" alt=\"Christian Morel\" loading=\"lazy\" \/>\t\t\t\t\t\t\t\t\t\t\t\t\t\t\t<\/div>\n\t\t\t\t<\/div>\n\t\t\t\t<div class=\"elementor-element elementor-element-2998f2c6 elementor-widget elementor-widget-heading\" data-id=\"2998f2c6\" data-element_type=\"widget\" data-e-type=\"widget\" data-widget_type=\"heading.default\">\n\t\t\t\t<div class=\"elementor-widget-container\">\n\t\t\t\t\t<h6 class=\"elementor-heading-title elementor-size-default\">Christian Morel<\/h6>\t\t\t\t<\/div>\n\t\t\t\t<\/div>\n\t\t\t\t<div class=\"elementor-element elementor-element-1e79ea9b elementor-widget elementor-widget-heading\" data-id=\"1e79ea9b\" data-element_type=\"widget\" data-e-type=\"widget\" data-widget_type=\"heading.default\">\n\t\t\t\t<div class=\"elementor-widget-container\">\n\t\t\t\t\t<h2 class=\"elementor-heading-title elementor-size-default\">Eco-conseiller, formateur, facilitateur.<\/h2>\t\t\t\t<\/div>\n\t\t\t\t<\/div>\n\t\t\t\t\t<\/div>\n\t\t<\/div>\n\t\t\t\t<div class=\"elementor-column elementor-col-50 elementor-inner-column elementor-element elementor-element-2cb997d6\" data-id=\"2cb997d6\" data-element_type=\"column\" data-e-type=\"column\">\n\t\t\t<div class=\"elementor-widget-wrap elementor-element-populated\">\n\t\t\t\t\t\t<div class=\"elementor-element elementor-element-35b8c959 elementor-widget elementor-widget-heading\" data-id=\"35b8c959\" data-element_type=\"widget\" data-e-type=\"widget\" data-widget_type=\"heading.default\">\n\t\t\t\t<div class=\"elementor-widget-container\">\n\t\t\t\t\t<h2 class=\"elementor-heading-title elementor-size-default\">Sp\u00e9cialit\u00e9s <\/h2>\t\t\t\t<\/div>\n\t\t\t\t<\/div>\n\t\t\t\t<div class=\"elementor-element elementor-element-1f2fe129 elementor-widget elementor-widget-text-editor\" data-id=\"1f2fe129\" data-element_type=\"widget\" data-e-type=\"widget\" data-widget_type=\"text-editor.default\">\n\t\t\t\t<div class=\"elementor-widget-container\">\n\t\t\t\t\t\t\t\t\t<p>Animations d\u2019ateliers sensibilisation et formations aux<strong> enjeux environnementaux<\/strong><br \/><span style=\"font-size: 1em;\">Formations relatives \u00e0 la <strong>RSE et la strat\u00e9gie d\u2019entreprise<\/strong><br \/><\/span><span style=\"font-size: 1em;\">Formations relatives au <strong>management du changement<\/strong><br \/><\/span><span style=\"font-size: 1em;\">Conduite et accompagnement du changement<br \/><\/span><span style=\"font-size: 1em;\"><strong>Facilitation d\u2019ateliers collaboratifs<\/strong>.<\/span><\/p>\t\t\t\t\t\t\t\t<\/div>\n\t\t\t\t<\/div>\n\t\t\t\t\t<\/div>\n\t\t<\/div>\n\t\t\t\t\t<\/div>\n\t\t<\/section>\n\t\t\t\t\t<\/div>\n\t\t<\/div>\n\t\t\t\t\t<\/div>\n\t\t<\/section>\n\t\t\t\t<section class=\"elementor-section elementor-top-section elementor-element elementor-element-4bf00f0e elementor-section-boxed elementor-section-height-default elementor-section-height-default\" data-id=\"4bf00f0e\" data-element_type=\"section\" data-e-type=\"section\">\n\t\t\t\t\t\t<div class=\"elementor-container elementor-column-gap-default\">\n\t\t\t\t\t<div class=\"elementor-column elementor-col-100 elementor-top-column elementor-element elementor-element-7968e960\" data-id=\"7968e960\" data-element_type=\"column\" data-e-type=\"column\">\n\t\t\t<div class=\"elementor-widget-wrap elementor-element-populated\">\n\t\t\t\t\t\t<div class=\"elementor-element elementor-element-20be3d07 elementor-widget elementor-widget-heading\" data-id=\"20be3d07\" data-element_type=\"widget\" data-e-type=\"widget\" data-widget_type=\"heading.default\">\n\t\t\t\t<div class=\"elementor-widget-container\">\n\t\t\t\t\t<h2 class=\"elementor-heading-title elementor-size-default\">Formations<\/h2>\t\t\t\t<\/div>\n\t\t\t\t<\/div>\n\t\t\t\t<div class=\"elementor-element elementor-element-60796cd0 elementor-widget elementor-widget-text-editor\" data-id=\"60796cd0\" data-element_type=\"widget\" data-e-type=\"widget\" data-widget_type=\"text-editor.default\">\n\t\t\t\t<div class=\"elementor-widget-container\">\n\t\t\t\t\t\t\t\t\t<p>Dipl\u00f4m\u00e9 de l\u2019INSA \/ Eco-conseil en tant qu\u2019ECO-conseiller<br \/><span style=\"font-size: 1em;\">Dipl\u00f4m\u00e9 de l\u2019ENIM en tant qu\u2019ing\u00e9nieur g\u00e9n\u00e9raliste en m\u00e9canique et production<br \/><\/span><span style=\"font-size: 1em;\">Form\u00e9 \u00e0 la CNV dans le cadre de la formation Leader Collaboratif<\/span><\/p>\t\t\t\t\t\t\t\t<\/div>\n\t\t\t\t<\/div>\n\t\t\t\t\t<\/div>\n\t\t<\/div>\n\t\t\t\t\t<\/div>\n\t\t<\/section>\n\t\t\t\t<section class=\"elementor-section elementor-top-section elementor-element elementor-element-286fbdcb elementor-section-boxed elementor-section-height-default elementor-section-height-default\" data-id=\"286fbdcb\" data-element_type=\"section\" data-e-type=\"section\">\n\t\t\t\t\t\t<div class=\"elementor-container elementor-column-gap-default\">\n\t\t\t\t\t<div class=\"elementor-column elementor-col-100 elementor-top-column elementor-element elementor-element-371faee5\" data-id=\"371faee5\" data-element_type=\"column\" data-e-type=\"column\">\n\t\t\t<div class=\"elementor-widget-wrap elementor-element-populated\">\n\t\t\t\t\t\t<div class=\"elementor-element elementor-element-66c22d94 elementor-widget elementor-widget-heading\" data-id=\"66c22d94\" data-element_type=\"widget\" data-e-type=\"widget\" data-widget_type=\"heading.default\">\n\t\t\t\t<div class=\"elementor-widget-container\">\n\t\t\t\t\t<h2 class=\"elementor-heading-title elementor-size-default\">Parcours<\/h2>\t\t\t\t<\/div>\n\t\t\t\t<\/div>\n\t\t\t\t<div class=\"elementor-element elementor-element-47f35e68 elementor-widget elementor-widget-text-editor\" data-id=\"47f35e68\" data-element_type=\"widget\" data-e-type=\"widget\" data-widget_type=\"text-editor.default\">\n\t\t\t\t<div class=\"elementor-widget-container\">\n\t\t\t\t\t\t\t\t\t<p>Apr\u00e8s des \u00e9tudes d&amp;#39;ing\u00e9nieur en m\u00e9canique et production, Christian s\u2019oriente vers le management\u00a0dans l\u2019industrie. Tout d&amp;#39;abord dans des secteurs en production, puis dans les services supports.<br \/><br \/>En 2008, il se rapproche du management de projets et de l&rsquo;am\u00e9lioration continue, aussi bien en\u00a0production que dans les services administratifs. Cela le m\u00e8nera \u00e9galement \u00e0 l&rsquo;accompagnement de la\u00a0strat\u00e9gie d&rsquo;entreprise.<br \/><br \/>Pendant cette p\u00e9riode durant laquelle il se familiarise avec le management et l\u2019accompagnement du\u00a0changement, la place et l\u2019\u00e9panouissement de l\u2019Homme dans l\u2019organisation sont pour lui quelque\u00a0chose de primordial.<br \/><br \/>En 2020, il d\u00e9cide de donne un autre sens \u00e0 sa carri\u00e8re. Il suit le <strong>Mast\u00e8re sp\u00e9cialis\u00e9 \u00ae \u00c9co-conseiller<\/strong>\u00a0pour acqu\u00e9rir plus de comp\u00e9tences sur le sujet de transition \u00e9cologique et sociale, et mettre en\u00a0coh\u00e9rence ses activit\u00e9s professionnelles, ses valeurs et ses aspirations.<br \/><br \/>Depuis, toujours sur le principe d\u2019amener chacun \u00e0 exprimer pleinement son potentiel, Christian\u00a0\u0153uvre \u00e0 la prise de conscience des enjeux environnementaux et accompagne entreprises et\u00a0collectivit\u00e9s \u00e0 prendre le virage de la transition \u00e9cologique et sociale.<br \/><br \/>Ses m\u00e9thodes se veulent <strong>participatives, ludiques et inclusives<\/strong>. Il aime particuli\u00e8rement quand\u00a0l\u2019intelligence collective fait \u00e9merger l\u2019\u00e9nergie du changement.<\/p>\t\t\t\t\t\t\t\t<\/div>\n\t\t\t\t<\/div>\n\t\t\t\t\t<\/div>\n\t\t<\/div>\n\t\t\t\t\t<\/div>\n\t\t<\/section>\n\t\t\t\t<\/div>\n\t\t","protected":false},"excerpt":{"rendered":"<p>Christian Morel Eco-conseiller, formateur, facilitateur. Sp\u00e9cialit\u00e9s Animations d\u2019ateliers sensibilisation et formations aux enjeux environnementauxFormations relatives \u00e0 la RSE et la strat\u00e9gie d\u2019entrepriseFormations relatives au management du changementConduite et accompagnement du changementFacilitation d\u2019ateliers collaboratifs. Formations Dipl\u00f4m\u00e9 de l\u2019INSA \/ Eco-conseil en tant qu\u2019ECO-conseillerDipl\u00f4m\u00e9 de l\u2019ENIM en tant qu\u2019ing\u00e9nieur g\u00e9n\u00e9raliste en m\u00e9canique et productionForm\u00e9 \u00e0 la CNV &hellip; <a href=\"https:\/\/entreprise-en-transition.fr\/index.php\/christian-morel\/\" class=\"more-link\">Continuer la lecture<span class=\"screen-reader-text\"> de &laquo;&nbsp;Christian Morel&nbsp;&raquo;<\/span><\/a><\/p>\n","protected":false},"author":2,"featured_media":0,"parent":0,"menu_order":0,"comment_status":"closed","ping_status":"closed","template":"","meta":{"footnotes":""},"class_list":["post-806","page","type-page","status-publish","hentry"],"_links":{"self":[{"href":"https:\/\/entreprise-en-transition.fr\/index.php\/wp-json\/wp\/v2\/pages\/806","targetHints":{"allow":["GET"]}}],"collection":[{"href":"https:\/\/entreprise-en-transition.fr\/index.php\/wp-json\/wp\/v2\/pages"}],"about":[{"href":"https:\/\/entreprise-en-transition.fr\/index.php\/wp-json\/wp\/v2\/types\/page"}],"author":[{"embeddable":true,"href":"https:\/\/entreprise-en-transition.fr\/index.php\/wp-json\/wp\/v2\/users\/2"}],"replies":[{"embeddable":true,"href":"https:\/\/entreprise-en-transition.fr\/index.php\/wp-json\/wp\/v2\/comments?post=806"}],"version-history":[{"count":6,"href":"https:\/\/entreprise-en-transition.fr\/index.php\/wp-json\/wp\/v2\/pages\/806\/revisions"}],"predecessor-version":[{"id":3726,"href":"https:\/\/entreprise-en-transition.fr\/index.php\/wp-json\/wp\/v2\/pages\/806\/revisions\/3726"}],"wp:attachment":[{"href":"https:\/\/entreprise-en-transition.fr\/index.php\/wp-json\/wp\/v2\/media?parent=806"}],"curies":[{"name":"wp","href":"https:\/\/api.w.org\/{rel}","templated":true}]}}